{"id":27,"date":"2011-03-19T15:29:47","date_gmt":"2011-03-19T14:29:47","guid":{"rendered":"http:\/\/alasdeleyre.com\/wp\/?page_id=27"},"modified":"2025-08-08T15:10:45","modified_gmt":"2025-08-08T13:10:45","slug":"balizas","status":"publish","type":"page","link":"https:\/\/alasdeleyre.com\/?page_id=27","title":{"rendered":"BALIZAS"},"content":{"rendered":"<p>Balizas para los gps. \u00a1\u00a1\u00a1OJO!!!, te descargas un zip con diversos formatos. Escoge el tuyo!<br>Y ya no tienes excusa para no venir con las balizas cargadas a las pruebas de la Liga Norte. Si necesitas ayuda, mira el v\u00eddeo que hemos editado para t\u00ed. <a href=\"#GPSDUMP_Balizas\">Aqu\u00ed abajo<\/a>&#8230;<\/p>\n<p>&nbsp;<\/p>\n<table style=\"width: 550px;\" border=\"1\" cellspacing=\"1\" cellpadding=\"1\">\n<tbody>\n<tr>\n<td>\n<h5><a href=\"..\/wp-content\/uploads\/balizas\/Arangoiti_Blancas_Loarre.zip\">Arangoiti + Loarre + Blancas<\/a><\/h5>\n<\/td>\n<td>&nbsp;<strong><span style=\"color: #ff0000;\">act. 2025-05-14<\/span><\/strong><\/td>\n<\/tr>\n<tr>\n<td>\n<h5><a href=\".\/wp-content\/uploads\/balizas\/balizas Liga Norte-Centro.zip\">Arcones<\/a><\/h5>\n<\/td>\n<td>&nbsp;<\/td>\n<\/tr>\n<tr>\n<td>\n<h5><a href=\".\/wp-content\/uploads\/balizas\/baigura.zip\">Baigura<\/a><\/h5>\n<\/td>\n<td>&nbsp;<\/td>\n<\/tr>\n<tr>\n<td>\n<h5><a href=\"..\/wp-content\/uploads\/balizas\/Orozko_Orduna_Ona.zip\">Ordu\u00f1a + Orozko + O\u00f1a<\/a><\/h5>\n<\/td>\n<td><strong><span style=\"color: #ff0000;\">act. 2025-05-14<\/span><\/strong><\/td>\n<\/tr>\n<tr>\n<td>\n<h5><a href=\"..\/wp-content\/uploads\/balizas\/Ribafrecha_Genevilla_Sakana.zip\">Ribafrecha + Genevilla + Sakana<\/a><\/h5>\n<\/td>\n<td><strong><span style=\"color: #ff0000;\">act. 2025-05-14<\/span><\/strong><\/td>\n<\/tr>\n<tr>\n<td>&nbsp;&nbsp;&nbsp;&nbsp;&nbsp;&nbsp;&nbsp;&nbsp;&nbsp;&nbsp;&nbsp;&nbsp;&nbsp;&nbsp;&nbsp;&nbsp;<\/td>\n<td>&nbsp;<\/td>\n<\/tr>\n<tr>\n<td>\n<h5><a href=\"..\/wp-content\/uploads\/balizas\/Espacios Aereos - www.airana.es.zip\" target=\"_blank\" rel=\"noopener noreferrer\">Espacios a\u00e9reos<\/a><\/h5>\n<p><em><strong>(OJO, el de Arangoiti va en las balizas)<\/strong><\/em><\/p>\n<\/td>\n<td><strong><span style=\"color: #ff0000;\">act. 2025-08-08<\/span><\/strong><\/td>\n<\/tr>\n<\/tbody>\n<\/table>\n<p>&nbsp;<\/p>\n<p>Muchas gracias a la web <a href=\"http:\/\/www.airana.es\/index.php\" target=\"_blank\" rel=\"noopener noreferrer\">airana.es<\/a>, por el trabajo que realizan. De ella hemos obtenido los espacios a\u00e9reos.<\/p>\n<p>&nbsp;<\/p>\n<p><a href=\"http:\/\/\" name=\"GPSDUMP_Balizas\"><\/a>\u00bfC\u00f3mo cargar las balizas en el GPS? (en PC)&nbsp;<\/p>\n\n\n<figure class=\"wp-block-embed is-type-video is-provider-youtube wp-block-embed-youtube wp-embed-aspect-16-9 wp-has-aspect-ratio\"><div class=\"wp-block-embed__wrapper\">\n<iframe loading=\"lazy\" title=\"GPSDUMP Cargar balizas al GPS\" width=\"500\" height=\"281\" src=\"https:\/\/www.youtube.com\/embed\/k_x2hqtoHUc?feature=oembed\" frameborder=\"0\" allow=\"accelerometer; autoplay; clipboard-write; encrypted-media; gyroscope; picture-in-picture; web-share\" referrerpolicy=\"strict-origin-when-cross-origin\" allowfullscreen><\/iframe>\n<\/div><\/figure>\n\n\n\n<p>\u00bfC\u00f3mo cargar las balizas al GPS? (Android)<\/p>\n\n\n\n<figure class=\"wp-block-embed is-type-video is-provider-youtube wp-block-embed-youtube wp-embed-aspect-16-9 wp-has-aspect-ratio\"><div class=\"wp-block-embed__wrapper\">\n<iframe loading=\"lazy\" title=\"Guia GPSDump Android\" width=\"500\" height=\"281\" src=\"https:\/\/www.youtube.com\/embed\/3KKo1rSTGx4?feature=oembed\" frameborder=\"0\" allow=\"accelerometer; autoplay; clipboard-write; encrypted-media; gyroscope; picture-in-picture; web-share\" referrerpolicy=\"strict-origin-when-cross-origin\" allowfullscreen><\/iframe>\n<\/div><\/figure>\n\n\n\n<p><\/p>\n","protected":false},"excerpt":{"rendered":"<p>Balizas para los gps. \u00a1\u00a1\u00a1OJO!!!, te descargas un zip con diversos formatos. Escoge el tuyo!Y ya no tienes excusa para no venir con las balizas cargadas a las pruebas de la Liga Norte. Si necesitas ayuda, mira el v\u00eddeo que hemos editado para t\u00ed. Aqu\u00ed abajo&#8230; &nbsp; Arangoiti + Loarre + Blancas &nbsp;act. 2025-05-14 Arcones [&hellip;]<\/p>\n","protected":false},"author":1,"featured_media":0,"parent":4,"menu_order":2,"comment_status":"closed","ping_status":"closed","template":"","meta":{"ngg_post_thumbnail":0,"jetpack_post_was_ever_published":false,"footnotes":""},"class_list":["post-27","page","type-page","status-publish","hentry"],"jetpack_sharing_enabled":true,"_links":{"self":[{"href":"https:\/\/alasdeleyre.com\/index.php?rest_route=\/wp\/v2\/pages\/27","targetHints":{"allow":["GET"]}}],"collection":[{"href":"https:\/\/alasdeleyre.com\/index.php?rest_route=\/wp\/v2\/pages"}],"about":[{"href":"https:\/\/alasdeleyre.com\/index.php?rest_route=\/wp\/v2\/types\/page"}],"author":[{"embeddable":true,"href":"https:\/\/alasdeleyre.com\/index.php?rest_route=\/wp\/v2\/users\/1"}],"replies":[{"embeddable":true,"href":"https:\/\/alasdeleyre.com\/index.php?rest_route=%2Fwp%2Fv2%2Fcomments&post=27"}],"version-history":[{"count":58,"href":"https:\/\/alasdeleyre.com\/index.php?rest_route=\/wp\/v2\/pages\/27\/revisions"}],"predecessor-version":[{"id":5712,"href":"https:\/\/alasdeleyre.com\/index.php?rest_route=\/wp\/v2\/pages\/27\/revisions\/5712"}],"up":[{"embeddable":true,"href":"https:\/\/alasdeleyre.com\/index.php?rest_route=\/wp\/v2\/pages\/4"}],"wp:attachment":[{"href":"https:\/\/alasdeleyre.com\/index.php?rest_route=%2Fwp%2Fv2%2Fmedia&parent=27"}],"curies":[{"name":"wp","href":"https:\/\/api.w.org\/{rel}","templated":true}]}}