{"id":3144,"date":"2019-03-30T08:31:07","date_gmt":"2019-03-30T07:31:07","guid":{"rendered":"http:\/\/alasdeleyre.com\/?page_id=3144"},"modified":"2026-03-20T08:16:06","modified_gmt":"2026-03-20T07:16:06","slug":"inscripcion","status":"publish","type":"page","link":"https:\/\/alasdeleyre.com\/?page_id=3144","title":{"rendered":"INSCRIPCI\u00d3N"},"content":{"rendered":"\n<p>Si va sa asistir a la Liga Norte, rellena este formulario y te ahorrar\u00e1s (a t\u00ed y a nosotros) tr\u00e1mites aburridos el d\u00eda de la prueba.<\/p>\n\n\n\n<p>A por ello!<\/p>\n\n\n\n<p>(Si prefieres verlo m\u00e1s grande, sigue este <a href=\"https:\/\/bit.ly\/ln26insc\" target=\"_blank\" rel=\"noreferrer noopener\">link<\/a>)<\/p>\n\n\n\n<iframe loading=\"lazy\" src=\"https:\/\/docs.google.com\/forms\/d\/e\/1FAIpQLScVimWN6wcZIwA56oyHwy2mgsrx-RiQDdTuTRtqVdUDUaj7ew\/viewform\" width=\"700\" height=\"1520\" frameborder=\"0\" marginheight=\"0\" marginwidth=\"0\">Cargando\u2026<\/iframe>\n","protected":false},"excerpt":{"rendered":"<p>Si va sa asistir a la Liga Norte, rellena este formulario y te ahorrar\u00e1s (a t\u00ed y a nosotros) tr\u00e1mites aburridos el d\u00eda de la prueba. A por ello! (Si prefieres verlo m\u00e1s grande, sigue este link) Cargando\u2026<\/p>\n","protected":false},"author":1,"featured_media":0,"parent":4,"menu_order":2,"comment_status":"closed","ping_status":"closed","template":"","meta":{"ngg_post_thumbnail":0,"jetpack_post_was_ever_published":false,"footnotes":""},"class_list":["post-3144","page","type-page","status-publish","hentry"],"jetpack_sharing_enabled":true,"_links":{"self":[{"href":"https:\/\/alasdeleyre.com\/index.php?rest_route=\/wp\/v2\/pages\/3144","targetHints":{"allow":["GET"]}}],"collection":[{"href":"https:\/\/alasdeleyre.com\/index.php?rest_route=\/wp\/v2\/pages"}],"about":[{"href":"https:\/\/alasdeleyre.com\/index.php?rest_route=\/wp\/v2\/types\/page"}],"author":[{"embeddable":true,"href":"https:\/\/alasdeleyre.com\/index.php?rest_route=\/wp\/v2\/users\/1"}],"replies":[{"embeddable":true,"href":"https:\/\/alasdeleyre.com\/index.php?rest_route=%2Fwp%2Fv2%2Fcomments&post=3144"}],"version-history":[{"count":11,"href":"https:\/\/alasdeleyre.com\/index.php?rest_route=\/wp\/v2\/pages\/3144\/revisions"}],"predecessor-version":[{"id":5838,"href":"https:\/\/alasdeleyre.com\/index.php?rest_route=\/wp\/v2\/pages\/3144\/revisions\/5838"}],"up":[{"embeddable":true,"href":"https:\/\/alasdeleyre.com\/index.php?rest_route=\/wp\/v2\/pages\/4"}],"wp:attachment":[{"href":"https:\/\/alasdeleyre.com\/index.php?rest_route=%2Fwp%2Fv2%2Fmedia&parent=3144"}],"curies":[{"name":"wp","href":"https:\/\/api.w.org\/{rel}","templated":true}]}}