{"id":342,"date":"2011-07-24T15:15:36","date_gmt":"2011-07-24T14:15:36","guid":{"rendered":"http:\/\/alasdeleyre.com\/?page_id=342"},"modified":"2017-04-19T13:32:11","modified_gmt":"2017-04-19T11:32:11","slug":"spot-pilotos","status":"publish","type":"page","link":"https:\/\/alasdeleyre.com\/?page_id=342","title":{"rendered":"PILOTOS EN DIRECTO"},"content":{"rendered":"<p>Aqu\u00ed podr\u00e1s encontrar los diferentes dispositivos de localizaci\u00f3n en tiempo real que puedan tener los diferentes pilotos de la Liga Norte.<\/p>\n<p>Si t\u00fa est\u00e1s, y no quieres estar, por favor, env\u00edanos un mail a alasdeleyre@alasdeleyre.com<\/p>\n<p>Adem\u00e1s, gracias a <a title=\"spot2kml\" href=\"http:\/\/www.heidel.com.ar\" target=\"_blank\">Claudio Heidel<\/a>, un programa para poder abrir un spot en Google Earth: <a title=\"spot2kml\" href=\"http:\/\/www.heidel.com.ar\/spot2kml\/\" target=\"_blank\">spot2kml<\/a><\/p>\n<p>&nbsp;<\/p>\n<table width=\"100%\" cellspacing=\"1\" cellpadding=\"1\" border=\"1\">\n<tbody>\n<tr>\n<td width=\"25%\">Alex Gunde<\/td>\n<td width=\"15%\"><a href=\"http:\/\/share.findmespot.com\/shared\/faces\/viewspots.jsp?glId=02q0SAYrYtr9DBQpaptxRfPqQnYN8Ke1E\" target=\"_blank\"><img decoding=\"async\" src=\"http:\/\/static.findmespot.com\/shared\/1.6.4\/images\/logo-spot-live.png\" alt=\"\" width=\"50\"><\/a><\/td>\n<td width=\"25%\">&nbsp;<\/td>\n<td width=\"25%\">&nbsp;<\/td>\n<\/tr>\n<tr>\n<td>Asier G\u00e1rate<\/td>\n<td>&nbsp;<\/td>\n<td><a href=\"http:\/\/www.livetrack24.com\/tracks\/username\/leontopodium\" target=\"_blank\"><img decoding=\"async\" src=\"http:\/\/www.livetrack24.com\/img\/logo.png\" alt=\"\" width=\"150\"><\/a><\/td>\n<td>&nbsp;<\/td>\n<\/tr>\n<tr>\n<td>Asier Izco<\/td>\n<td><a href=\"http:\/\/share.findmespot.com\/shared\/gogl.jsp?glId=0ditjQ80Llmiym2DJpSLVF0kQEQrdiHoa\" target=\"_blank\"><img decoding=\"async\" src=\"http:\/\/static.findmespot.com\/shared\/1.6.4\/images\/logo-spot-live.png\" alt=\"\" width=\"50\"><\/a><\/td>\n<td><a href=\"http:\/\/www.livetrack24.com\/tracks\/username\/asierizco\" target=\"_blank\"><img decoding=\"async\" src=\"http:\/\/www.livetrack24.com\/img\/logo.png\" alt=\"\" width=\"150\"><\/a><\/td>\n<td>&nbsp;<\/td>\n<\/tr>\n<tr>\n<td>Atxega<\/td>\n<td>&nbsp;<\/td>\n<td><a href=\"http:\/\/www.livetrack24.com\/tracks\/username\/atxega\" target=\"_blank\"><img decoding=\"async\" src=\"http:\/\/www.livetrack24.com\/img\/logo.png\" alt=\"\" width=\"150\"><\/a><\/td>\n<td>&nbsp;<\/td>\n<\/tr>\n<tr>\n<td>Carles Torres<\/td>\n<td><a href=\"http:\/\/share.findmespot.com\/shared\/faces\/viewspots.jsp?glId=0aKLpflUfhsDhC3ce1zxRc4X3IIsTseTn\" target=\"_blank\"><img decoding=\"async\" src=\"http:\/\/static.findmespot.com\/shared\/1.6.4\/images\/logo-spot-live.png\" alt=\"\" width=\"50\"><\/a><\/td>\n<td>&nbsp;<\/td>\n<td>&nbsp;<\/td>\n<\/tr>\n<tr>\n<td>Carlos F. Escandela<\/td>\n<td><a href=\"http:\/\/share.findmespot.com\/shared\/faces\/viewspots.jsp?glId=0QgzD0NRqdRB2YslMXkqxFDblIzbctOKv\" target=\"_blank\"><img decoding=\"async\" src=\"http:\/\/static.findmespot.com\/shared\/1.6.4\/images\/logo-spot-live.png\" alt=\"\" width=\"50\"><\/a><\/td>\n<td>&nbsp;<\/td>\n<td>&nbsp;<\/td>\n<\/tr>\n<tr>\n<td>Casti<\/td>\n<td>&nbsp;<\/td>\n<td><a href=\"http:\/\/www.livetrack24.com\/tracks\/username\/casti\" target=\"_blank\"><img decoding=\"async\" src=\"http:\/\/www.livetrack24.com\/img\/logo.png\" alt=\"\" width=\"150\"><\/a><\/td>\n<td>&nbsp;<\/td>\n<\/tr>\n<tr>\n<td>Chus Blanco<\/td>\n<td><a href=\"http:\/\/share.findmespot.com\/shared\/gogl.jsp?glId=04nJJP5XaT8zVrKpJAivFISD98oxt4VrG\" target=\"_blank\"><img decoding=\"async\" src=\"http:\/\/static.findmespot.com\/shared\/1.6.4\/images\/logo-spot-live.png\" alt=\"\" width=\"50\"><\/a><\/td>\n<td><a href=\"http:\/\/www.livetrack24.com\/tracks\/username\/txus\" target=\"_blank\"><img decoding=\"async\" src=\"http:\/\/www.livetrack24.com\/img\/logo.png\" alt=\"\" width=\"150\"><\/a><\/td>\n<td>&nbsp;<\/td>\n<\/tr>\n<tr>\n<td>Daniel Tena<\/td>\n<td>&nbsp;<a href=\"http:\/\/share.findmespot.com\/shared\/faces\/viewspots.jsp?glId=0hxdUusyCedmr9HMZqT2WK4SNs2K5B0uN\" target=\"_blank\"><img decoding=\"async\" src=\"http:\/\/static.findmespot.com\/shared\/1.6.4\/images\/logo-spot-live.png\" alt=\"\" width=\"50\"><\/a><\/td>\n<td><a href=\"http:\/\/www.livetrack24.com\/tracks\/username\/danitena\" target=\"_blank\"><img decoding=\"async\" src=\"http:\/\/www.livetrack24.com\/img\/logo.png\" alt=\"\" width=\"150\"><\/a><\/td>\n<td>&nbsp;<\/td>\n<\/tr>\n<tr>\n<td>Diego Beraza<\/td>\n<td><a href=\"http:\/\/share.findmespot.com\/shared\/faces\/viewspots.jsp?glId=0t2i7dXE5CUX5xMozYx8mtpchMJqbeJLf\" target=\"_blank\"><img decoding=\"async\" src=\"http:\/\/static.findmespot.com\/shared\/1.6.4\/images\/logo-spot-live.png\" alt=\"\" width=\"50\"><\/a><\/td>\n<td>&nbsp;<\/td>\n<td>&nbsp;<\/td>\n<\/tr>\n<tr>\n<td>Diego Etxegoien<\/td>\n<td>&nbsp;<\/td>\n<td><a href=\"http:\/\/www.livetrack24.com\/tracks\/username\/diegotxe\" target=\"_blank\"><img decoding=\"async\" src=\"http:\/\/www.livetrack24.com\/img\/logo.png\" alt=\"\" width=\"150\"><\/a><\/td>\n<td>&nbsp;<\/td>\n<\/tr>\n<tr>\n<td>F\u00e9lix Azagra<\/td>\n<td>&nbsp;<\/td>\n<td><a href=\"http:\/\/www.livetrack24.com\/tracks\/username\/felixazagra\" target=\"_blank\"><img decoding=\"async\" src=\"http:\/\/www.livetrack24.com\/img\/logo.png\" alt=\"\" width=\"150\"><\/a><\/td>\n<td>&nbsp;<\/td>\n<\/tr>\n<tr>\n<td>Fernando Sarralde<\/td>\n<td>&nbsp;<\/td>\n<td><a href=\"http:\/\/www.livetrack24.com\/tracks\/username\/fernando\" target=\"_blank\"><img decoding=\"async\" src=\"http:\/\/www.livetrack24.com\/img\/logo.png\" alt=\"\" width=\"150\"><\/a><\/td>\n<td>&nbsp;<\/td>\n<\/tr>\n<tr>\n<td>Gari<\/td>\n<td>&nbsp;<\/td>\n<td><a href=\"http:\/\/www.livetrack24.com\/tracks\/username\/gari\" target=\"_blank\"><img decoding=\"async\" src=\"http:\/\/www.livetrack24.com\/img\/logo.png\" alt=\"\" width=\"150\"><\/a><\/td>\n<td>&nbsp;<\/td>\n<\/tr>\n<tr>\n<td>Gorka Elduaien<\/td>\n<td><a href=\"http:\/\/share.findmespot.com\/shared\/faces\/viewspots.jsp?glId=0X1zr82128H81UZ4qykmLk9T4ecabRgVz\" target=\"_blank\"><img decoding=\"async\" src=\"http:\/\/static.findmespot.com\/shared\/1.6.4\/images\/logo-spot-live.png\" alt=\"\" width=\"50\"><\/a><\/td>\n<td><a href=\"http:\/\/www.livetrack24.com\/tracks\/username\/gorka\" target=\"_blank\"><img decoding=\"async\" src=\"http:\/\/www.livetrack24.com\/img\/logo.png\" alt=\"\" width=\"150\"><\/a><\/td>\n<td>&nbsp;<\/td>\n<\/tr>\n<tr>\n<td>Imanol B\u00e1rcena<\/td>\n<td>&nbsp;<\/td>\n<td><a href=\"http:\/\/www.livetrack24.com\/tracks\/username\/ima\" target=\"_blank\"><img decoding=\"async\" src=\"http:\/\/www.livetrack24.com\/img\/logo.png\" alt=\"\" width=\"150\"><\/a><\/td>\n<td>&nbsp;<\/td>\n<\/tr>\n<tr>\n<td>I\u00f1igo D\u00edaz<\/td>\n<td><a href=\"http:\/\/share.findmespot.com\/shared\/faces\/viewspots.jsp?glId=0eeNuYJGog3rLdSHIXo9lYanTxu5Tg40g\" target=\"_blank\"><img decoding=\"async\" src=\"http:\/\/static.findmespot.com\/shared\/1.6.4\/images\/logo-spot-live.png\" alt=\"\" width=\"50\"><\/a><\/td>\n<td><a href=\"http:\/\/www.livetrack24.com\/tracks\/username\/inigodiaz\" target=\"_blank\"><img decoding=\"async\" src=\"http:\/\/www.livetrack24.com\/img\/logo.png\" alt=\"\" width=\"150\"><\/a><\/td>\n<td>&nbsp;<\/td>\n<\/tr>\n<tr>\n<td>I\u00f1igo Gabiria<\/td>\n<td>&nbsp;<\/td>\n<td><a href=\"http:\/\/www.livetrack24.com\/user\/Gabiria\" target=\"_blank\"><img decoding=\"async\" src=\"http:\/\/www.livetrack24.com\/img\/logo.png\" alt=\"\" width=\"150\"><\/a><\/td>\n<td>&nbsp;<\/td>\n<\/tr>\n<tr>\n<td>I\u00f1igo Garc\u00eda<\/td>\n<td><a href=\"http:\/\/share.findmespot.com\/shared\/gogl.jsp?glId=0ntGZNDZaqe7ulaUreAipD4MRBKn9yFQN\" target=\"_blank\"><img decoding=\"async\" src=\"http:\/\/static.findmespot.com\/shared\/1.6.4\/images\/logo-spot-live.png\" alt=\"\" width=\"50\"><\/a><\/td>\n<td>&nbsp;<\/td>\n<td>&nbsp;<\/td>\n<\/tr>\n<tr>\n<td>\u00cd\u00f1igo Red\u00edn<\/td>\n<td>&nbsp;<\/td>\n<td><a href=\"http:\/\/www.livetrack24.com\/tracks\/username\/erxino\" target=\"_blank\"><img decoding=\"async\" src=\"http:\/\/www.livetrack24.com\/img\/logo.png\" alt=\"\" width=\"150\"><\/a><\/td>\n<td>&nbsp;<a href=\"http:\/\/loctome.com\/u\/erxino\" target=\"_blank\"><img loading=\"lazy\" decoding=\"async\" class=\" wp-image-2050 alignnone\" src=\"http:\/\/alasdeleyre.com\/wp-content\/uploads\/2011\/07\/Loctome50.jpg\" alt=\"Loctome50\" height=\"27\" width=\"27\"><\/a><\/td>\n<\/tr>\n<tr>\n<td>Iv\u00e1n Col\u00e1s<\/td>\n<td><a href=\"http:\/\/share.findmespot.com\/shared\/faces\/viewspots.jsp?glId=0vfkEZtpQnuZ9HUzerPdq0NEGM837TbgA\" target=\"_blank\"><img decoding=\"async\" src=\"http:\/\/static.findmespot.com\/shared\/1.6.4\/images\/logo-spot-live.png\" alt=\"\" width=\"50\"><\/a><\/td>\n<td><a href=\"http:\/\/www.livetrack24.com\/tracks\/username\/icolas\" target=\"_blank\"><img decoding=\"async\" src=\"http:\/\/www.livetrack24.com\/img\/logo.png\" alt=\"\" width=\"150\"><\/a><\/td>\n<td>&nbsp;<\/td>\n<\/tr>\n<tr>\n<td>Juan Maiza<\/td>\n<td>&nbsp;<\/td>\n<td><a href=\"http:\/\/www.livetrack24.com\/tracks\/username\/juanmaiza\" target=\"_blank\"><img decoding=\"async\" src=\"http:\/\/www.livetrack24.com\/img\/logo.png\" alt=\"\" width=\"150\"><\/a><\/td>\n<td>&nbsp;<\/td>\n<\/tr>\n<tr>\n<td>Karlos Irurtia<\/td>\n<td>&nbsp;<\/td>\n<td><a href=\"http:\/\/www.livetrack24.com\/tracks\/username\/karlos\" target=\"_blank\"><img decoding=\"async\" src=\"http:\/\/www.livetrack24.com\/img\/logo.png\" alt=\"\" width=\"150\"><\/a><\/td>\n<td>&nbsp;<\/td>\n<\/tr>\n<tr>\n<td>Jon Mikel Pel\u00e1ez<\/td>\n<td>&nbsp;<\/td>\n<td><a href=\"http:\/\/www.livetrack24.com\/tracks\/username\/jonpelaez\" target=\"_blank\"><img decoding=\"async\" src=\"http:\/\/www.livetrack24.com\/img\/logo.png\" alt=\"\" width=\"150\"><\/a><\/td>\n<td>&nbsp;<\/td>\n<\/tr>\n<tr>\n<td>Leopoldo Virosta<\/td>\n<td><a href=\"http:\/\/share.findmespot.com\/shared\/faces\/viewspots.jsp?glId=0qvoR9vXQDo8757v9utl5ZMvRS08J3v2l\" target=\"_blank\"><img decoding=\"async\" src=\"http:\/\/static.findmespot.com\/shared\/1.6.4\/images\/logo-spot-live.png\" alt=\"\" width=\"50\"><\/a><\/td>\n<td>&nbsp;<\/td>\n<td>&nbsp;<\/td>\n<\/tr>\n<tr>\n<td>Marcelo Gazzolo<\/td>\n<td><a href=\"http:\/\/share.findmespot.com\/shared\/faces\/viewspots.jsp?glId=03ZPZauobJqzYRLdHPvtKomHE830kW05p\" target=\"_blank\"><img loading=\"lazy\" decoding=\"async\" class=\"alignnone\" src=\"http:\/\/static.findmespot.com\/shared\/1.6.4\/images\/logo-spot-live.png\" alt=\"\" height=\"71\" width=\"50\"><\/a><\/td>\n<td>&nbsp;<\/td>\n<td>&nbsp;<\/td>\n<\/tr>\n<tr>\n<td>\u00d3scar Benito<\/td>\n<td>&nbsp;<\/td>\n<td><a href=\"http:\/\/www.livetrack24.com\/tracks\/username\/Oskar\" target=\"_blank\"><img decoding=\"async\" src=\"http:\/\/www.livetrack24.com\/img\/logo.png\" alt=\"\" width=\"150\"><\/a><\/td>\n<td>&nbsp;<\/td>\n<\/tr>\n<tr>\n<td>Ram\u00f3n Mart\u00edn<\/td>\n<td><a href=\"http:\/\/share.findmespot.com\/shared\/faces\/viewspots.jsp?glId=0riIxapIpWX9W6y7kHe4xum7V1pOgtgX7\" target=\"_blank\"><img decoding=\"async\" src=\"http:\/\/static.findmespot.com\/shared\/1.6.4\/images\/logo-spot-live.png\" alt=\"\" width=\"50\"><\/a><\/td>\n<td>&nbsp;<\/td>\n<td>&nbsp;<\/td>\n<\/tr>\n<tr>\n<td>Ra\u00fal Alonso<\/td>\n<td><a href=\"http:\/\/share.findmespot.com\/shared\/faces\/viewspots.jsp?glId=0b041L31ImYYqVeKYHeqgxDo7vGXPZZIh\" target=\"_blank\"><img decoding=\"async\" src=\"http:\/\/static.findmespot.com\/shared\/1.6.4\/images\/logo-spot-live.png\" alt=\"\" width=\"50\"><\/a><\/td>\n<td>&nbsp;<\/td>\n<td>&nbsp;<\/td>\n<\/tr>\n<tr>\n<td>Ra\u00fal Marqu\u00e9s<\/td>\n<td>&nbsp;<\/td>\n<td><a href=\"http:\/\/www.livetrack24.com\/tracks\/username\/raul\" target=\"_blank\"><img decoding=\"async\" src=\"http:\/\/www.livetrack24.com\/img\/logo.png\" alt=\"\" width=\"150\"><\/a><\/td>\n<td>&nbsp;<\/td>\n<\/tr>\n<tr>\n<td>Robert Jim\u00e9nez<\/td>\n<td>&nbsp;<\/td>\n<td><a href=\"http:\/\/www.livetrack24.com\/tracks\/username\/robert\" target=\"_blank\"><img decoding=\"async\" src=\"http:\/\/www.livetrack24.com\/img\/logo.png\" alt=\"\" width=\"150\"><\/a><\/td>\n<td>&nbsp;<\/td>\n<\/tr>\n<tr>\n<td>Rodolfo P\u00e9rez<\/td>\n<td><a href=\"http:\/\/share.findmespot.com\/shared\/faces\/viewspots.jsp?glId=0PX9AxQOSsuV9U5paVqtcky4PaO5pt8uu\" target=\"_blank\"><img decoding=\"async\" src=\"http:\/\/static.findmespot.com\/shared\/1.6.4\/images\/logo-spot-live.png\" alt=\"\" width=\"50\"><\/a><\/td>\n<td><a href=\"http:\/\/www.livetrack24.com\/tracks\/username\/rodolfo\" target=\"_blank\"><img decoding=\"async\" src=\"http:\/\/www.livetrack24.com\/img\/logo.png\" alt=\"\" width=\"150\"><\/a><\/td>\n<td>&nbsp;<\/td>\n<\/tr>\n<tr>\n<td>V\u00edctor P\u00e9rex<\/td>\n<td><a href=\"http:\/\/share.findmespot.com\/shared\/faces\/viewspots.jsp?glId=0je1yeRaRD9vldJri04Au1oJFZguvH59m\" target=\"_blank\"><img decoding=\"async\" src=\"http:\/\/static.findmespot.com\/shared\/1.6.4\/images\/logo-spot-live.png\" alt=\"\" width=\"50\"><\/a><\/td>\n<td><a href=\"http:\/\/www.livetrack24.com\/tracks\/username\/victorperex\" target=\"_blank\"><img decoding=\"async\" src=\"http:\/\/www.livetrack24.com\/img\/logo.png\" alt=\"\" width=\"150\"><\/a><\/td>\n<td>&nbsp;<\/td>\n<\/tr>\n<tr>\n<td>Xabier Berneda<\/td>\n<td>&nbsp;<\/td>\n<td><a href=\"http:\/\/www.livetrack24.com\/tracks\/username\/xberneda\" target=\"_blank\"><img decoding=\"async\" src=\"http:\/\/www.livetrack24.com\/img\/logo.png\" alt=\"\" width=\"150\"><\/a><\/td>\n<td>&nbsp;<\/td>\n<\/tr>\n<tr>\n<td>Xabier Gonz\u00e1lez<\/td>\n<td><a href=\"http:\/\/share.findmespot.com\/shared\/faces\/viewspots.jsp?glId=0DF3PeEnitvZYarrcFnjCq7rL1nVMtIdk\" target=\"_blank\"><img decoding=\"async\" src=\"http:\/\/static.findmespot.com\/shared\/1.6.4\/images\/logo-spot-live.png\" alt=\"\" width=\"50\"><\/a><\/td>\n<td><a href=\"http:\/\/www.livetrack24.com\/tracks\/username\/xabi100\" target=\"_blank\"><img decoding=\"async\" src=\"http:\/\/www.livetrack24.com\/img\/logo.png\" alt=\"\" width=\"150\"><\/a><\/td>\n<td>&nbsp;&nbsp;<a href=\"http:\/\/loctome.com\/u\/xabi100\" target=\"_blank\"><img loading=\"lazy\" decoding=\"async\" class=\"alignnone wp-image-2050\" src=\"http:\/\/alasdeleyre.com\/wp-content\/uploads\/2011\/07\/Loctome50.jpg\" alt=\"Loctome50\" height=\"27\" width=\"27\"><\/a><\/td>\n<\/tr>\n<\/tbody>\n<\/table>\n<p>&nbsp;<\/p>\n<p>&nbsp;<\/p>\n<p>&nbsp;<\/p>\n","protected":false},"excerpt":{"rendered":"<p>Aqu\u00ed podr\u00e1s encontrar los diferentes dispositivos de localizaci\u00f3n en tiempo real que puedan tener los diferentes pilotos de la Liga Norte. Si t\u00fa est\u00e1s, y no quieres estar, por favor, env\u00edanos un mail a alasdeleyre@alasdeleyre.com Adem\u00e1s, gracias a Claudio Heidel, un programa para poder abrir un spot en Google Earth: spot2kml &nbsp; Alex Gunde &nbsp; [&hellip;]<\/p>\n","protected":false},"author":1,"featured_media":0,"parent":9,"menu_order":0,"comment_status":"closed","ping_status":"closed","template":"","meta":{"ngg_post_thumbnail":0,"jetpack_post_was_ever_published":false,"footnotes":""},"class_list":["post-342","page","type-page","status-publish","hentry"],"jetpack_sharing_enabled":true,"_links":{"self":[{"href":"https:\/\/alasdeleyre.com\/index.php?rest_route=\/wp\/v2\/pages\/342","targetHints":{"allow":["GET"]}}],"collection":[{"href":"https:\/\/alasdeleyre.com\/index.php?rest_route=\/wp\/v2\/pages"}],"about":[{"href":"https:\/\/alasdeleyre.com\/index.php?rest_route=\/wp\/v2\/types\/page"}],"author":[{"embeddable":true,"href":"https:\/\/alasdeleyre.com\/index.php?rest_route=\/wp\/v2\/users\/1"}],"replies":[{"embeddable":true,"href":"https:\/\/alasdeleyre.com\/index.php?rest_route=%2Fwp%2Fv2%2Fcomments&post=342"}],"version-history":[{"count":56,"href":"https:\/\/alasdeleyre.com\/index.php?rest_route=\/wp\/v2\/pages\/342\/revisions"}],"predecessor-version":[{"id":2359,"href":"https:\/\/alasdeleyre.com\/index.php?rest_route=\/wp\/v2\/pages\/342\/revisions\/2359"}],"up":[{"embeddable":true,"href":"https:\/\/alasdeleyre.com\/index.php?rest_route=\/wp\/v2\/pages\/9"}],"wp:attachment":[{"href":"https:\/\/alasdeleyre.com\/index.php?rest_route=%2Fwp%2Fv2%2Fmedia&parent=342"}],"curies":[{"name":"wp","href":"https:\/\/api.w.org\/{rel}","templated":true}]}}