{"id":367,"date":"2012-01-02T14:13:47","date_gmt":"2012-01-02T13:13:47","guid":{"rendered":"http:\/\/alasdeleyre.com\/?page_id=367"},"modified":"2025-12-30T09:47:30","modified_gmt":"2025-12-30T08:47:30","slug":"normas-socios","status":"publish","type":"page","link":"https:\/\/alasdeleyre.com\/?page_id=367","title":{"rendered":"Normas socios"},"content":{"rendered":"<p><span style=\"font-family: Arial, sans-serif; font-size: 10pt; text-align: justify;\">Toda norma incluida en estas l\u00edneas tiene por encima las indicadas en los <a href=\"http:\/\/www.alasdeleyre.com\/wp-content\/uploads\/Documentos\/Estatutos_Club_Deportivo_Delta-Parapente_Alas_de_Leyre.pdf\" target=\"_blank\" rel=\"noopener\">estatutos<\/a> del Club. NInguna puede ir en contra de lo indicado en los estatutos, si bien, s\u00ed puede complementarlos.<\/span><\/p>\n<p><span style=\"font-family: Arial, sans-serif; font-size: 10pt; text-align: justify;\">Todo socio perder\u00e1 la condici\u00f3n de miembro del Club Alas de Leyre si no paga la cuota anual, 10 \u20ac, que se cobrar\u00e1n junto a la tramitaci\u00f3n de la correspondiente licencia anual. En consecuencia y en referencia a las siguientes normas, para el a\u00f1o actual tendr\u00e1n la consideraci\u00f3n de nuevos socios aquellas personas que no hayan abonado la correspondiente cuota de socios en el a\u00f1o inmediatamente anterior.<\/span><\/p>\n<p class=\"MsoNormal\" style=\"margin-bottom: 0.0001pt; text-align: justify; background-image: initial; background-attachment: initial; background-origin: initial; background-clip: initial; background-position: initial initial; background-repeat: initial initial;\"><span style=\"font-size: 10pt; font-family: Arial, sans-serif;\">Los socios del Club Alas de Leyre, deber\u00e1n representar a la Comunidad Foral de Navarra y al Club Alas de Leyre en cuantos eventos participen. Siendo motivo de p\u00e9rdida de la condici\u00f3n de socio, sin reintegro de la cuota anual abonada, la participaci\u00f3n en competiciones, u otros eventos, en representaci\u00f3n de otras Comunidades o Clubes.<\/span><\/p>\n<p class=\"MsoNormal\" style=\"margin-bottom: 0.0001pt; text-align: justify; background-image: initial; background-attachment: initial; background-origin: initial; background-clip: initial; background-position: initial initial; background-repeat: initial initial;\"><b><span style=\"font-size: 13.5pt; font-family: 'Arial','sans-serif'; mso-fareast-font-family: 'Times New Roman'; color: blue; mso-fareast-language: ES;\">Para formar parte del Club Alas De Leyre. Nuevo socio:<\/span><\/b><\/p>\n<ol>\n<li><span style=\"font-size: 10pt; font-family: Arial, sans-serif;\">Debes ser presentado por un miembro debidamente registrado en el Club Alas de Leyre.<\/span><\/li>\n<li><span style=\"font-size: 10pt; font-family: Arial, sans-serif;\">Adem\u00e1s, es imprescidible solicitar el alta en el club, enviando una solicitud, en la que se indique las razones por las que se quiere entrar en el club, por correo electr\u00f3nico a <a href=\"mailto:alasdeleyre@alasdeleyre.com\">alasdeleyre@alasdeleyre.com<\/a>.<br \/>\nEn ese correo, se debe mencionar al miembro o miembros del club que te presentan.<br \/>\n<\/span><span style=\"font-size: 10pt; font-family: Arial, sans-serif;\">Debes presentar la titulaci\u00f3n correspondiente para la expedici\u00f3n, a trav\u00e9s del &nbsp;Club Alas de Leyre, de la licencia oportuna. Titulo piloto o Titulo biplaza\/T\u00edtulo T\u00e9cnico Deportivo TD1 en su caso.&nbsp;<br \/>\nLa junta del club, y posteriormente la asamblea, debatir\u00e1n tu caso. Y en no m\u00e1s de 40 d\u00edas, dar\u00e1n una respuesta.<\/span><\/li>\n<li><span style=\"font-size: 10pt; font-family: Arial, sans-serif;\">Una vez aceptada el alta, debes abonar una cuota inicial de <span style=\"text-decoration: underline;\">25 Euros<\/span>. Importe independiente de la cuota anual establecida para todos los socios.<br \/>\n<\/span><span style=\"font-family: Arial, sans-serif; font-size: 10pt;\">Los interesados en formar parte del Club Alas de Leyre y que provengan de las escuelas de parapente\/Ala delta asociadas al club, Ametsa o Escuela Navarra de Parapente <span style=\"text-decoration: underline;\">estar\u00e1n exentos de abonar la cuota inicial de 25 euros<\/span>.<br \/>\nEste importe lo puedes abonar junto con el alta de la licencia. El n\u00ba de cuenta lo puedes ver en la p\u00e1gina para <a href=\"http:\/\/alasdeleyre.com\/?page_id=7\">asociarse y federarse<\/a>.<\/span><\/li>\n<\/ol>\n<p class=\"MsoNormal\" style=\"background-image: initial; background-attachment: initial; background-origin: initial; background-clip: initial; background-position: initial initial; background-repeat: initial initial;\"><b><span style=\"font-size: 13.5pt; font-family: 'Arial','sans-serif'; mso-fareast-font-family: 'Times New Roman'; color: blue; mso-fareast-language: ES;\">Ayudas:<\/span><\/b><\/p>\n<p class=\"MsoNormal\" style=\"background-image: initial; background-attachment: initial; background-origin: initial; background-clip: initial; background-position: initial initial; background-repeat: initial initial;\"><span style=\"font-size: 10pt; font-family: Arial, sans-serif;\">Adem\u00e1s de las distintas actividades que organiza el Club Alas de Leyre, o que t\u00fa mismo puedes organizar en el nombre de \u00e9ste, podr\u00e1s obtener la licencia de vuelo FNDA, a trav\u00e9s del Club y optar a las Ayudas que el Gobierno de Navarra facilita, en ocasiones, por la participaci\u00f3n de competiciones oficiales, no profesionales, entre otras.<\/span><\/p>\n<p class=\"MsoNormal\" style=\"background-image: initial; background-attachment: initial; background-origin: initial; background-clip: initial; background-position: initial initial; background-repeat: initial initial;\"><span style=\"font-size: 10pt; font-family: Arial, sans-serif;\">Para poder optar a estas ayudas que solicita el Club se deber\u00e1n cumplir los siguientes requisitos:<\/span><\/p>\n<ul>\n<li><span style=\"font-size: 10pt; font-family: Arial, sans-serif;\">Tener licencia en vigor en el momento de solicitar las ayudas, as\u00ed como, la licencia del a\u00f1o anterior a \u00e9ste, ambas expedidas por el Club Alas de Leyre.<\/span><\/li>\n<li><span style=\"font-size: 10pt; font-family: Arial, sans-serif;\">Haber representado al Club Alas de Leyre y a Navarra en cuantos eventos se hayan participado.<\/span><\/li>\n<li><span style=\"font-size: 10pt; font-family: Arial, sans-serif;\">Entregar la documentaci\u00f3n requerida (clasificaciones, presencia Gob. Navarra, listado gastos,\u2026..y dem\u00e1s requisitos que establece la Orden Foral correspondiente) en el plazo establecido. <\/span><span style=\"font-family: Arial, sans-serif; font-size: 10pt;\">En lo relativo a \u00e9ste y otros temas del Club Alas de Leyre, ponerse en contacto con alasdeleyre@alasdeleyre.com para recibir m\u00e1s informaci\u00f3n<\/span><\/li>\n<\/ul>\n<p class=\"MsoNormal\" style=\"background-image: initial; background-attachment: initial; background-origin: initial; background-clip: initial; background-position: initial initial; background-repeat: initial initial;\"><span style=\"font-size: 10pt; font-family: Arial, sans-serif;\">Acuerdo adoptado por Asamblea el 16-12-2011 y modificado 7-1-2015 por la Junta Directiva.<\/span><\/p>\n","protected":false},"excerpt":{"rendered":"<p>Toda norma incluida en estas l\u00edneas tiene por encima las indicadas en los estatutos del Club. NInguna puede ir en contra de lo indicado en los estatutos, si bien, s\u00ed puede complementarlos. Todo socio perder\u00e1 la condici\u00f3n de miembro del Club Alas de Leyre si no paga la cuota anual, 10 \u20ac, que se cobrar\u00e1n [&hellip;]<\/p>\n","protected":false},"author":1,"featured_media":0,"parent":7,"menu_order":0,"comment_status":"open","ping_status":"closed","template":"","meta":{"ngg_post_thumbnail":0,"jetpack_post_was_ever_published":false,"footnotes":""},"class_list":["post-367","page","type-page","status-publish","hentry"],"jetpack_sharing_enabled":true,"_links":{"self":[{"href":"https:\/\/alasdeleyre.com\/index.php?rest_route=\/wp\/v2\/pages\/367","targetHints":{"allow":["GET"]}}],"collection":[{"href":"https:\/\/alasdeleyre.com\/index.php?rest_route=\/wp\/v2\/pages"}],"about":[{"href":"https:\/\/alasdeleyre.com\/index.php?rest_route=\/wp\/v2\/types\/page"}],"author":[{"embeddable":true,"href":"https:\/\/alasdeleyre.com\/index.php?rest_route=\/wp\/v2\/users\/1"}],"replies":[{"embeddable":true,"href":"https:\/\/alasdeleyre.com\/index.php?rest_route=%2Fwp%2Fv2%2Fcomments&post=367"}],"version-history":[{"count":22,"href":"https:\/\/alasdeleyre.com\/index.php?rest_route=\/wp\/v2\/pages\/367\/revisions"}],"predecessor-version":[{"id":5802,"href":"https:\/\/alasdeleyre.com\/index.php?rest_route=\/wp\/v2\/pages\/367\/revisions\/5802"}],"up":[{"embeddable":true,"href":"https:\/\/alasdeleyre.com\/index.php?rest_route=\/wp\/v2\/pages\/7"}],"wp:attachment":[{"href":"https:\/\/alasdeleyre.com\/index.php?rest_route=%2Fwp%2Fv2%2Fmedia&parent=367"}],"curies":[{"name":"wp","href":"https:\/\/api.w.org\/{rel}","templated":true}]}}