{"id":392,"date":"2012-03-08T15:20:01","date_gmt":"2012-03-08T14:20:01","guid":{"rendered":"http:\/\/alasdeleyre.com\/?page_id=392"},"modified":"2024-03-18T10:12:13","modified_gmt":"2024-03-18T09:12:13","slug":"anos-anteriores","status":"publish","type":"page","link":"https:\/\/alasdeleyre.com\/?page_id=392","title":{"rendered":"A\u00d1OS ANTERIORES.."},"content":{"rendered":"<p>Aqu\u00ed dejamos nuestro cuadro de campeones de los \u00faltimos a\u00f1os&#8230;..<\/p>\n<p>&nbsp;<\/p>\n<p style=\"text-align: center;\"><strong style=\"font-family: 'comic sans ms', cursive; font-size: 16px; text-align: center;\">Campeones Liga Norte<\/strong><\/p>\n<div>&nbsp;<\/div>\n<table style=\"width: 310px; height: 704px;\" border=\"1\" cellspacing=\"1\" cellpadding=\"1\" align=\"center\">\n<tbody>\n<tr>\n<td style=\"text-align: center;\"><a href=\"http:\/\/alasdeleyre.com\/?page_id=42#2023\"><span style=\"font-size: 16px;\"><span style=\"font-family: 'comic sans ms', cursive;\">2023<\/span><\/span><\/a><\/td>\n<td style=\"text-align: center;\"><span style=\"font-size: 16px;\"><span style=\"font-family: 'comic sans ms', cursive;\"><strong>Jose Javier \u00c1lvarez (Casti)<\/strong><\/span><\/span><\/td>\n<\/tr>\n<tr>\n<td style=\"text-align: center;\"><a href=\"http:\/\/alasdeleyre.com\/?page_id=42#2022\"><span style=\"font-size: 16px;\"><span style=\"font-family: 'comic sans ms', cursive;\">2022<\/span><\/span><\/a><\/td>\n<td style=\"text-align: center;\"><span style=\"font-size: 16px;\"><span style=\"font-family: 'comic sans ms', cursive;\"><strong>Gorka Tornos<\/strong><\/span><\/span><\/td>\n<\/tr>\n<tr>\n<td style=\"text-align: center;\"><a href=\"http:\/\/alasdeleyre.com\/?page_id=4183\"><span style=\"font-size: 16px;\"><span style=\"font-family: 'comic sans ms', cursive;\">2021<\/span><\/span><\/a><\/td>\n<td style=\"text-align: center;\"><span style=\"font-size: 16px;\"><span style=\"font-family: 'comic sans ms', cursive;\"><strong>Iv\u00e1n Castro<\/strong><\/span><\/span><\/td>\n<\/tr>\n<tr>\n<td style=\"text-align: center;\"><span style=\"font-size: 16px;\"><span style=\"font-family: 'comic sans ms', cursive;\">2020<\/span><\/span><\/td>\n<td style=\"text-align: center;\"><span style=\"font-size: 16px;\"><span style=\"font-family: 'comic sans ms', cursive;\"><strong>COVID-19<\/strong><\/span><\/span><\/td>\n<\/tr>\n<tr>\n<td style=\"text-align: center;\"><a href=\"http:\/\/alasdeleyre.com\/?page_id=3561\"><span style=\"font-size: 16px;\"><span style=\"font-family: 'comic sans ms', cursive;\">2019<\/span><\/span><\/a><\/td>\n<td style=\"text-align: center;\"><span style=\"font-size: 16px;\"><span style=\"font-family: 'comic sans ms', cursive;\"><strong>Jose Javier \u00c1lvarez (Casti)<\/strong><\/span><\/span><\/td>\n<\/tr>\n<tr>\n<td style=\"text-align: center;\"><a href=\"http:\/\/alasdeleyre.com\/?page_id=2674\"><span style=\"font-size: 16px;\"><span style=\"font-family: 'comic sans ms', cursive;\">2018<\/span><\/span><\/a><\/td>\n<td style=\"text-align: center;\"><span style=\"font-size: 16px;\"><span style=\"font-family: 'comic sans ms', cursive;\"><strong>Xabier Gonz\u00e1lez<\/strong><\/span><\/span><\/td>\n<\/tr>\n<tr>\n<td style=\"text-align: center;\"><a href=\"http:\/\/alasdeleyre.com\/?page_id=2225\"><span style=\"font-size: 16px;\"><span style=\"font-family: 'comic sans ms', cursive;\">2017<\/span><\/span><\/a><\/td>\n<td style=\"text-align: center;\"><span style=\"font-size: 16px;\"><span style=\"font-family: 'comic sans ms', cursive;\"><strong>Mario Arqu\u00e9<\/strong><\/span><\/span><\/td>\n<\/tr>\n<tr>\n<td style=\"text-align: center;\"><a href=\"http:\/\/alasdeleyre.com\/?page_id=1975\"><span style=\"font-size: 16px;\"><span style=\"font-family: 'comic sans ms', cursive;\">2016<\/span><\/span><\/a><\/td>\n<td style=\"text-align: center;\"><span style=\"font-size: 16px;\"><span style=\"font-family: 'comic sans ms', cursive;\"><strong>Tino Gallart<\/strong><\/span><\/span><\/td>\n<\/tr>\n<tr>\n<td style=\"text-align: center;\"><a href=\"http:\/\/alasdeleyre.com\/?page_id=1765\"><span style=\"font-size: 16px;\"><span style=\"font-family: 'comic sans ms', cursive;\">2015<\/span><\/span><\/a><\/td>\n<td style=\"text-align: center;\"><span style=\"font-size: 16px;\"><span style=\"font-family: 'comic sans ms', cursive;\"><strong>Jos\u00e9 Javier \u00c1lvarez (Casti)<\/strong><\/span><\/span><\/td>\n<\/tr>\n<tr>\n<td style=\"text-align: center;\"><a href=\"http:\/\/alasdeleyre.com\/?page_id=1286\"><span style=\"font-size: 16px;\"><span style=\"font-family: 'comic sans ms', cursive;\">2014<\/span><\/span><\/a><\/td>\n<td style=\"text-align: center;\"><span style=\"font-size: 16px;\"><span style=\"font-family: 'comic sans ms', cursive;\"><strong>Rodolfo P\u00e9rez<\/strong><\/span><\/span><\/td>\n<\/tr>\n<tr>\n<td style=\"text-align: center;\"><a href=\"http:\/\/alasdeleyre.com\/?page_id=823\"><span style=\"font-size: 16px;\"><span style=\"font-family: 'comic sans ms', cursive;\">2013<\/span><\/span><\/a><\/td>\n<td style=\"text-align: center;\"><span style=\"font-size: 16px;\"><span style=\"font-family: 'comic sans ms', cursive;\"><strong>Iv\u00e1n Col\u00e1s<\/strong><\/span><\/span><\/td>\n<\/tr>\n<tr>\n<td style=\"text-align: center;\"><a href=\"http:\/\/alasdeleyre.com\/?page_id=377\"><span style=\"font-size: 16px;\"><span style=\"font-family: 'comic sans ms', cursive;\">2012<\/span><\/span><\/a><\/td>\n<td style=\"text-align: center;\"><span style=\"font-size: 16px;\"><span style=\"font-family: 'comic sans ms', cursive;\"><strong>Rodolfo P\u00e9rez<\/strong><\/span><\/span><\/td>\n<\/tr>\n<tr>\n<td style=\"text-align: center;\"><a href=\"http:\/\/alasdeleyre.com\/?page_id=103\"><span style=\"font-family: 'comic sans ms', cursive; font-size: 16px;\">2011<\/span><\/a><\/td>\n<td style=\"text-align: center;\"><span style=\"font-family: comic sans ms, cursive; font-size: medium;\"><strong>Gorka Elduaien<\/strong><\/span><\/td>\n<\/tr>\n<tr>\n<td style=\"text-align: center;\"><a href=\"http:\/\/alasdeleyre.com\/?page_id=106\"><span style=\"font-size: 16px;\"><span style=\"font-family: 'comic sans ms', cursive;\">2010<\/span><\/span><\/a><\/td>\n<td style=\"text-align: center;\"><strong style=\"font-family: 'comic sans ms', cursive; font-size: 16px;\">Txema Ibarguen<\/strong><\/td>\n<\/tr>\n<tr>\n<td style=\"text-align: center;\"><a href=\"http:\/\/alasdeleyre.com\/?page_id=82\"><span style=\"font-size: 16px;\"><span style=\"font-family: 'comic sans ms', cursive;\">2009<\/span><\/span><\/a><\/td>\n<td style=\"text-align: center;\"><strong style=\"font-family: 'comic sans ms', cursive; font-size: 16px;\">Txema Ibarguen<\/strong><\/td>\n<\/tr>\n<tr>\n<td style=\"text-align: center;\"><a href=\"http:\/\/alasdeleyre.com\/?page_id=83\"><span style=\"font-size: 16px;\"><span style=\"font-family: 'comic sans ms', cursive;\">2008<\/span><\/span><\/a><\/td>\n<td style=\"text-align: center;\"><strong style=\"font-family: 'comic sans ms', cursive; font-size: 16px;\">Miguel Solano<\/strong><\/td>\n<\/tr>\n<tr>\n<td style=\"text-align: center;\"><a href=\"http:\/\/alasdeleyre.com\/?page_id=84\"><span style=\"font-size: 16px;\"><span style=\"font-family: 'comic sans ms', cursive;\">2007<\/span><\/span><\/a><\/td>\n<td style=\"text-align: center;\"><strong style=\"font-family: 'comic sans ms', cursive; font-size: 16px;\">Miguel Solano<\/strong><\/td>\n<\/tr>\n<tr>\n<td style=\"text-align: center;\"><a href=\"http:\/\/alasdeleyre.com\/?page_id=85\"><span style=\"font-size: 16px;\"><span style=\"font-family: 'comic sans ms', cursive;\">2006<\/span><\/span><\/a><\/td>\n<td style=\"text-align: center;\"><span style=\"font-size: 16px;\"><span style=\"font-family: 'comic sans ms', cursive;\"><strong>I\u00f1igo Ega\u00f1a<\/strong><\/span><\/span><\/td>\n<\/tr>\n<tr>\n<td style=\"text-align: center;\"><a href=\"http:\/\/alasdeleyre.com\/?page_id=86\"><span style=\"font-size: 16px;\"><span style=\"font-family: 'comic sans ms', cursive;\">2005<\/span><\/span><\/a><\/td>\n<td style=\"text-align: center;\"><span style=\"font-size: 16px;\"><span style=\"font-family: 'comic sans ms', cursive;\"><strong>I\u00f1igo Gabiria<\/strong><\/span><\/span><\/td>\n<\/tr>\n<tr>\n<td style=\"text-align: center;\"><a href=\"http:\/\/alasdeleyre.com\/?page_id=87\"><span style=\"font-size: 16px;\"><span style=\"font-family: 'comic sans ms', cursive;\">2004<\/span><\/span><\/a><\/td>\n<td style=\"text-align: center;\"><strong style=\"font-family: 'comic sans ms', cursive; font-size: 16px;\">I\u00f1igo Gabiria<\/strong><\/td>\n<\/tr>\n<tr>\n<td style=\"text-align: center;\"><a href=\"http:\/\/alasdeleyre.com\/?page_id=88\"><span style=\"font-size: 16px;\"><span style=\"font-family: 'comic sans ms', cursive;\">2003<\/span><\/span><\/a><\/td>\n<td style=\"text-align: center;\"><span style=\"font-size: 16px;\"><span style=\"font-family: 'comic sans ms', cursive;\"><strong>I\u00f1igo Ega\u00f1a<\/strong><\/span><\/span><\/td>\n<\/tr>\n<tr>\n<td style=\"text-align: center;\"><a href=\"http:\/\/alasdeleyre.com\/?page_id=89\"><span style=\"font-size: 16px;\"><span style=\"font-family: 'comic sans ms', cursive;\">2002<\/span><\/span><\/a><\/td>\n<td style=\"text-align: center;\"><strong style=\"font-family: 'comic sans ms', cursive; font-size: 16px;\">Iv\u00e1n Col\u00e1s<\/strong><\/td>\n<\/tr>\n<tr>\n<td style=\"text-align: center;\"><a href=\"http:\/\/alasdeleyre.com\/?page_id=90\"><span style=\"font-size: 16px;\"><span style=\"font-family: 'comic sans ms', cursive;\">2001<\/span><\/span><\/a><\/td>\n<td style=\"text-align: center;\"><strong style=\"font-family: 'comic sans ms', cursive; font-size: 16px;\">I\u00f1igo Arizaga<\/strong><\/td>\n<\/tr>\n<tr>\n<td style=\"text-align: center;\"><a href=\"http:\/\/alasdeleyre.com\/?page_id=91\"><span style=\"font-size: 16px;\"><span style=\"font-family: 'comic sans ms', cursive;\">2000<\/span><\/span><\/a><\/td>\n<td style=\"text-align: center;\"><strong style=\"font-family: 'comic sans ms', cursive; font-size: 16px;\">Juan carlos Mart\u00ednez (Wilfred)<\/strong><\/td>\n<\/tr>\n<tr>\n<td style=\"text-align: center;\"><span style=\"font-size: 16px;\"><span style=\"font-family: 'comic sans ms', cursive;\">1999<\/span><\/span><\/td>\n<td style=\"text-align: center;\"><span style=\"font-size: 16px;\"><span style=\"font-family: 'comic sans ms', cursive;\"><strong>Jes\u00fas Amadoz <\/strong><\/span><\/span><\/td>\n<\/tr>\n<\/tbody>\n<\/table>\n","protected":false},"excerpt":{"rendered":"<p>Aqu\u00ed dejamos nuestro cuadro de campeones de los \u00faltimos a\u00f1os&#8230;.. &nbsp; Campeones Liga Norte &nbsp; 2023 Jose Javier \u00c1lvarez (Casti) 2022 Gorka Tornos 2021 Iv\u00e1n Castro 2020 COVID-19 2019 Jose Javier \u00c1lvarez (Casti) 2018 Xabier Gonz\u00e1lez 2017 Mario Arqu\u00e9 2016 Tino Gallart 2015 Jos\u00e9 Javier \u00c1lvarez (Casti) 2014 Rodolfo P\u00e9rez 2013 Iv\u00e1n Col\u00e1s 2012 Rodolfo [&hellip;]<\/p>\n","protected":false},"author":1,"featured_media":0,"parent":4,"menu_order":3,"comment_status":"closed","ping_status":"closed","template":"","meta":{"ngg_post_thumbnail":0,"jetpack_post_was_ever_published":false,"footnotes":""},"class_list":["post-392","page","type-page","status-publish","hentry"],"jetpack_sharing_enabled":true,"_links":{"self":[{"href":"https:\/\/alasdeleyre.com\/index.php?rest_route=\/wp\/v2\/pages\/392","targetHints":{"allow":["GET"]}}],"collection":[{"href":"https:\/\/alasdeleyre.com\/index.php?rest_route=\/wp\/v2\/pages"}],"about":[{"href":"https:\/\/alasdeleyre.com\/index.php?rest_route=\/wp\/v2\/types\/page"}],"author":[{"embeddable":true,"href":"https:\/\/alasdeleyre.com\/index.php?rest_route=\/wp\/v2\/users\/1"}],"replies":[{"embeddable":true,"href":"https:\/\/alasdeleyre.com\/index.php?rest_route=%2Fwp%2Fv2%2Fcomments&post=392"}],"version-history":[{"count":19,"href":"https:\/\/alasdeleyre.com\/index.php?rest_route=\/wp\/v2\/pages\/392\/revisions"}],"predecessor-version":[{"id":5100,"href":"https:\/\/alasdeleyre.com\/index.php?rest_route=\/wp\/v2\/pages\/392\/revisions\/5100"}],"up":[{"embeddable":true,"href":"https:\/\/alasdeleyre.com\/index.php?rest_route=\/wp\/v2\/pages\/4"}],"wp:attachment":[{"href":"https:\/\/alasdeleyre.com\/index.php?rest_route=%2Fwp%2Fv2%2Fmedia&parent=392"}],"curies":[{"name":"wp","href":"https:\/\/api.w.org\/{rel}","templated":true}]}}