{"id":4,"date":"2011-03-19T12:28:19","date_gmt":"2011-03-19T11:28:19","guid":{"rendered":"http:\/\/alasdeleyre.com\/wp\/?page_id=4"},"modified":"2026-03-29T11:32:09","modified_gmt":"2026-03-29T09:32:09","slug":"todo-lo-relacionado-con-la-liga-norte","status":"publish","type":"page","link":"https:\/\/alasdeleyre.com\/?page_id=4","title":{"rendered":"LIGA NORTE"},"content":{"rendered":"<h3 style=\"text-align: center; color: red;\"><img loading=\"lazy\" decoding=\"async\" src=\"http:\/\/alasdeleyre.com\/wp-content\/uploads\/Logo Liga Norte.gif\" alt=\"\" width=\"150\" height=\"141\" align=\"right\"><img loading=\"lazy\" decoding=\"async\" src=\"http:\/\/alasdeleyre.com\/wp-content\/uploads\/Logoclub.gif\" alt=\"\" width=\"98\" height=\"123\" align=\"left\">LIGA NORTE 2026<\/h3>\n<p>&nbsp;<\/p>\n<p>&nbsp;<\/p>\n<table style=\"border-collapse: collapse; width: 100%; height: 21px;\" border=\"1\">\n<tbody>\n<tr style=\"height: 21px;\">\n<td style=\"width: 20%; height: 21px; text-align: center;\">\n<h5><a href=\"http:\/\/alasdeleyre.com\/wp-content\/uploads\/reglamentos\/2026\/REGLAMENTO_LIGA_NORTE_2026.pdf\" target=\"_blank\" rel=\"noopener\">Reglamento<\/a><\/h5>\n<\/td>\n<td style=\"width: 20%; height: 21px; text-align: center;\">\n<h5><a href=\"https:\/\/alasdeleyre.com\/?page_id=2371\" target=\"_blank\" rel=\"noopener\">Inscritos<\/a><\/h5>\n<\/td>\n<td style=\"width: 20%; height: 21px; text-align: center;\">\n<h5><a href=\"http:\/\/alasdeleyre.com\/?page_id=27\" rel=\"noopener\">Balizas<\/a><\/h5>\n<\/td>\n<td style=\"width: 20%; height: 21px; text-align: center;\">\n<h5><a href=\"http:\/\/alasdeleyre.com\/?page_id=42#2026\" rel=\"noopener\">Clasificaciones<\/a><\/h5>\n<\/td>\n<td style=\"width: 20%; height: 21px; text-align: center;\">\n<h5><a href=\"https:\/\/bit.ly\/ln26insc\" target=\"_blank\" rel=\"noopener\">Inscr\u00edbete<\/a><\/h5>\n<\/td>\n<\/tr>\n<\/tbody>\n<\/table>\n<p>&nbsp;<\/p>\n<table style=\"border-collapse: collapse; width: 100%; height: 317px;\" border=\"1\">\n<thead>\n<tr style=\"height: 23px; border-style: solid;\">\n<td style=\"width: 21.1691%; text-align: center; height: 23px;\"><strong><span style=\"color: #ff0000;\"><span style=\"font-size: 12px;\"><span style=\"line-height: 21px; font-family: tahoma, verdana, arial, sans-serif;\">FECHA<\/span><\/span><\/span><\/strong><\/td>\n<td style=\"width: 12.1643%; text-align: center; height: 23px;\"><strong><span style=\"color: #ff0000;\"><span style=\"font-size: 12px;\"><span style=\"line-height: 21px; font-family: tahoma, verdana, arial, sans-serif;\">CONDICI\u00d3N<\/span><\/span><\/span><\/strong><\/td>\n<td style=\"width: 19.6288%; text-align: center; height: 23px;\"><strong><span style=\"color: #ff0000;\"><span style=\"font-size: 12px;\"><span style=\"line-height: 21px; font-family: tahoma, verdana, arial, sans-serif;\">LUGAR<\/span><\/span><\/span><\/strong><\/td>\n<td style=\"width: 19.3918%; text-align: center; height: 23px;\"><strong><span style=\"color: #ff0000;\"><span style=\"font-size: 12px;\"><span style=\"line-height: 21px; font-family: tahoma, verdana, arial, sans-serif;\">RESULTADOS<\/span><\/span><\/span><\/strong><\/td>\n<td style=\"width: 18.0885%; text-align: center; height: 23px;\"><strong><span style=\"color: #ff0000;\"><span style=\"font-size: 12px;\"><span style=\"line-height: 21px; font-family: tahoma, verdana, arial, sans-serif;\">CR\u00d3NICAS<\/span><\/span><\/span><\/strong><\/td>\n<td style=\"width: 9.5577%; text-align: center; height: 23px;\"><strong><span style=\"color: #ff0000;\"><span style=\"font-size: 12px;\"><span style=\"line-height: 21px; font-family: tahoma, verdana, arial, sans-serif;\">LIVE TRACK<\/span><\/span><\/span><\/strong><\/td>\n<\/tr>\n<\/thead>\n<tbody>\n<tr style=\"height: 21px;\">\n<td style=\"width: 21.1691%; height: 21px; text-align: left;\"><strong>21 MARZO<\/strong><\/td>\n<td style=\"width: 12.1643%; height: 21px; text-align: center;\">&nbsp;<\/td>\n<td style=\"width: 19.6288%; height: 21px; text-align: center;\">ARANGOITI<\/td>\n<td style=\"width: 19.3918%; height: 21px; text-align: center;\"><a href=\"http:\/\/www.alasdeleyre.com\/viejo\/Clasificaciones\/Nacionales\/Liga_norte\/2026\/LIGA_NORTE_2026-M01-Arangoiti.pdf\" target=\"_blank\" rel=\"noopener\">m01<\/a> (Prov.)<br \/>\n<a href=\"http:\/\/www.alasdeleyre.com\/viejo\/Clasificaciones\/Nacionales\/Liga_norte\/2026\/LIGA_NORTE_2026-GENERAL(M01).pdf\" target=\"_blank\" rel=\"noopener\">General<\/a> (hasta m01)<\/td>\n<td style=\"width: 18.0885%; height: 21px; text-align: center;\"><a href=\"https:\/\/alasdeleyre.com\/?p=5849\" target=\"_blank\" rel=\"noopener\">Leer<\/a><\/td>\n<td style=\"width: 9.5577%; height: 21px; text-align: center;\"><a href=\"https:\/\/www.livetrack24.com\/events\/ln2026p01\" target=\"_blank\" rel=\"noopener\"><img loading=\"lazy\" decoding=\"async\" class=\"alignnone\" src=\"http:\/\/alasdeleyre.com\/wp-content\/uploads\/2017\/01\/lt24_2.jpg\" alt=\"\" width=\"27\" height=\"32\"><\/a><\/td>\n<\/tr>\n<tr style=\"height: 21px;\">\n<td style=\"width: 21.1691%; height: 21px; text-align: left;\"><strong>18-19 ABRIL<\/strong><\/td>\n<td style=\"width: 12.1643%; height: 21px; text-align: center;\">&nbsp;<\/td>\n<td style=\"width: 19.6288%; height: 21px; text-align: center;\">&nbsp;<\/td>\n<td style=\"width: 19.3918%; height: 21px; text-align: center;\">&nbsp;<\/td>\n<td style=\"width: 18.0885%; height: 21px; text-align: center;\">&nbsp;<\/td>\n<td style=\"width: 9.5577%; height: 21px; text-align: center;\">&nbsp;<\/td>\n<\/tr>\n<tr style=\"height: 21px;\">\n<td style=\"width: 21.1691%; height: 21px; text-align: left;\"><strong>25-26 ABRIL<\/strong><\/td>\n<td style=\"width: 12.1643%; height: 21px; text-align: center;\">&lt;3 mangas<\/td>\n<td style=\"width: 19.6288%; height: 21px; text-align: center;\">&nbsp;<\/td>\n<td style=\"width: 19.3918%; height: 21px; text-align: center;\">&nbsp;<\/td>\n<td style=\"width: 18.0885%; height: 21px; text-align: center;\">&nbsp;<\/td>\n<td style=\"width: 9.5577%; height: 21px; text-align: center;\">&nbsp;<\/td>\n<\/tr>\n<tr style=\"height: 21px;\">\n<td style=\"width: 21.1691%; height: 21px; text-align: left;\"><strong>1-3 MAYO<\/strong><\/td>\n<td style=\"width: 12.1643%; height: 21px; text-align: center;\">&nbsp;<\/td>\n<td style=\"width: 19.6288%; height: 21px; text-align: center;\">&nbsp;<\/td>\n<td style=\"width: 19.3918%; height: 21px; text-align: center;\">&nbsp;<\/td>\n<td style=\"width: 18.0885%; height: 21px; text-align: center;\">&nbsp;<\/td>\n<td style=\"width: 9.5577%; height: 21px; text-align: center;\">&nbsp;<\/td>\n<\/tr>\n<tr style=\"height: 21px;\">\n<td style=\"width: 21.1691%; height: 21px; text-align: left;\"><b>16-17 MAYO<\/b><\/td>\n<td style=\"width: 12.1643%; height: 21px; text-align: center;\">&lt;4 mangas<\/td>\n<td style=\"width: 19.6288%; height: 21px; text-align: center;\">&nbsp;<\/td>\n<td style=\"width: 19.3918%; height: 21px; text-align: center;\">&nbsp;<\/td>\n<td style=\"width: 18.0885%; height: 21px; text-align: center;\">&nbsp;<\/td>\n<td style=\"width: 9.5577%; height: 21px; text-align: center;\">&nbsp;<\/td>\n<\/tr>\n<tr style=\"height: 21px;\">\n<td style=\"width: 21.1691%; height: 21px; text-align: left;\"><strong>23-24 MAYO<\/strong><\/td>\n<td style=\"width: 12.1643%; height: 21px; text-align: center;\">&lt;4 mangas<\/td>\n<td style=\"width: 19.6288%; height: 21px; text-align: center;\">&nbsp;<\/td>\n<td style=\"width: 19.3918%; height: 21px; text-align: center;\">&nbsp;<\/td>\n<td style=\"width: 18.0885%; height: 21px; text-align: center;\">&nbsp;<\/td>\n<td style=\"width: 9.5577%; height: 21px; text-align: center;\">&nbsp;<\/td>\n<\/tr>\n<tr style=\"height: 21px;\">\n<td style=\"width: 21.1691%; height: 21px; text-align: left;\"><b>13-14 JUNIO<\/b><\/td>\n<td style=\"width: 12.1643%; height: 21px; text-align: center;\">&nbsp;<\/td>\n<td style=\"width: 19.6288%; height: 21px; text-align: center;\">&nbsp;<\/td>\n<td style=\"width: 19.3918%; height: 21px; text-align: center;\">&nbsp;<\/td>\n<td style=\"width: 18.0885%; height: 21px; text-align: center;\">&nbsp;<\/td>\n<td style=\"width: 9.5577%; height: 21px; text-align: center;\">&nbsp;<\/td>\n<\/tr>\n<tr style=\"height: 21px;\">\n<td style=\"width: 21.1691%; height: 21px; text-align: left;\"><strong>4-5 JULIO<\/strong><\/td>\n<td style=\"width: 12.1643%; height: 21px; text-align: center;\">&lt;5 mangas<\/td>\n<td style=\"width: 19.6288%; height: 21px; text-align: center;\">&nbsp;<\/td>\n<td style=\"width: 19.3918%; height: 21px; text-align: center;\">&nbsp;<\/td>\n<td style=\"width: 18.0885%; height: 21px; text-align: center;\">&nbsp;<\/td>\n<td style=\"width: 9.5577%; height: 21px; text-align: center;\">&nbsp;<\/td>\n<\/tr>\n<tr style=\"height: 21px;\">\n<td style=\"width: 21.1691%; height: 21px; text-align: left;\"><strong>15-16 AGOSTO<\/strong><\/td>\n<td style=\"width: 12.1643%; height: 21px; text-align: center;\">&lt;5 mangas<\/td>\n<td style=\"width: 19.6288%; height: 21px; text-align: center;\">&nbsp;<\/td>\n<td style=\"width: 19.3918%; height: 21px; text-align: center;\">&nbsp;<\/td>\n<td style=\"width: 18.0885%; height: 21px; text-align: center;\">&nbsp;<\/td>\n<td style=\"width: 9.5577%; height: 21px; text-align: center;\">&nbsp;<\/td>\n<\/tr>\n<tr style=\"height: 21px;\">\n<td style=\"width: 21.1691%; height: 21px; text-align: left;\"><strong>5-6 SEPTIEMBRE<\/strong><\/td>\n<td style=\"width: 12.1643%; height: 21px; text-align: center;\">&nbsp;<\/td>\n<td style=\"width: 19.6288%; height: 21px; text-align: center;\">&nbsp;<\/td>\n<td style=\"width: 19.3918%; height: 21px; text-align: center;\">&nbsp;<\/td>\n<td style=\"width: 18.0885%; height: 21px; text-align: center;\">&nbsp;<\/td>\n<td style=\"width: 9.5577%; height: 21px; text-align: center;\">&nbsp;<\/td>\n<\/tr>\n<tr style=\"height: 21px;\">\n<td style=\"width: 21.1691%; height: 21px; text-align: left;\"><strong>26-27 SEPTIEMBRE<\/strong><\/td>\n<td style=\"width: 12.1643%; height: 21px; text-align: center;\">&lt;8 mangas<\/td>\n<td style=\"width: 19.6288%; height: 21px; text-align: center;\">&nbsp;<\/td>\n<td style=\"width: 19.3918%; height: 21px; text-align: center;\">&nbsp;<\/td>\n<td style=\"width: 18.0885%; height: 21px; text-align: center;\">&nbsp;<\/td>\n<td style=\"width: 9.5577%; height: 21px; text-align: center;\">&nbsp;<\/td>\n<\/tr>\n<tr style=\"height: 21px;\">\n<td style=\"width: 21.1691%; height: 21px; text-align: left;\">&nbsp;<\/td>\n<td style=\"width: 12.1643%; height: 21px; text-align: center;\">&nbsp;<\/td>\n<td style=\"width: 19.6288%; height: 21px; text-align: center;\">&nbsp;<\/td>\n<td style=\"width: 19.3918%; height: 21px; text-align: center;\">&nbsp;<\/td>\n<td style=\"width: 18.0885%; height: 21px; text-align: center;\">&nbsp;<\/td>\n<td style=\"width: 9.5577%; height: 21px; text-align: center;\">&nbsp;<\/td>\n<\/tr>\n<tr style=\"height: 21px;\">\n<td style=\"width: 21.1691%; height: 21px; text-align: left;\"><strong>3-4 OCTUBRE<\/strong><\/td>\n<td style=\"width: 12.1643%; height: 21px; text-align: center;\">&nbsp;<\/td>\n<td style=\"width: 19.6288%; height: 21px; text-align: center;\"><strong>36\u00aa CONCENTRACI\u00d3N<br \/>\nBELAGUA<\/strong><\/td>\n<td style=\"width: 19.3918%; height: 21px; text-align: center;\"><strong>FINAL LIGA 2026<\/strong><\/p>\n<p><strong>ENTREGA DE TROFEOS<\/strong><\/td>\n<td style=\"width: 18.0885%; height: 21px; text-align: center;\">&nbsp;<\/td>\n<td style=\"width: 9.5577%; height: 21px; text-align: center;\">&nbsp;<\/td>\n<\/tr>\n<tr style=\"height: 21px;\">\n<td style=\"width: 21.1691%; height: 21px; text-align: left;\">&nbsp;<\/td>\n<td style=\"width: 12.1643%; height: 21px; text-align: center;\">&nbsp;<\/td>\n<td style=\"width: 19.6288%; height: 21px; text-align: center;\">&nbsp;<\/td>\n<td style=\"width: 19.3918%; height: 21px; text-align: center;\">&nbsp;<\/td>\n<td style=\"width: 18.0885%; height: 21px; text-align: center;\">&nbsp;<\/td>\n<td style=\"width: 9.5577%; height: 21px; text-align: center;\">&nbsp;<\/td>\n<\/tr>\n<\/tbody>\n<\/table>\n<p>&nbsp;<\/p>\n<p style=\"text-align: center;\">Este calendario se ir\u00e1 actualizando de forma din\u00e1mica a medida que se vayan modificando las condiciones para las pruebas condicionadas.<\/p>\n<p style=\"text-align: center;\">Calendario Liga Norte en <a href=\"https:\/\/calendar.google.com\/calendar\/embed?src=9p119q0svb3ebs5tkeudorjp50%40group.calendar.google.com&amp;ctz=Europe\/Madrid\" target=\"_blank\" rel=\"noopener noreferrer\">Google Calendar <\/a><br \/>\nSi quieres tener todos los calendarios (regionales, nacionales y alguna internacional) juntos, pincha <a href=\"https:\/\/calendar.google.com\/calendar\/embed?src=2q7ti117j7opnfgo1t2gpnlnv0%40group.calendar.google.com&amp;ctz=Europe\/Madrid\" target=\"_blank\" rel=\"noopener noreferrer\">aqu\u00ed<\/a>.<\/p>\n","protected":false},"excerpt":{"rendered":"<p>LIGA NORTE 2026 &nbsp; &nbsp; Reglamento Inscritos Balizas Clasificaciones Inscr\u00edbete &nbsp; FECHA CONDICI\u00d3N LUGAR RESULTADOS CR\u00d3NICAS LIVE TRACK 21 MARZO &nbsp; ARANGOITI m01 (Prov.) General (hasta m01) Leer 18-19 ABRIL &nbsp; &nbsp; &nbsp; &nbsp; &nbsp; 25-26 ABRIL &lt;3 mangas &nbsp; &nbsp; &nbsp; &nbsp; 1-3 MAYO &nbsp; &nbsp; &nbsp; &nbsp; &nbsp; 16-17 MAYO &lt;4 mangas &nbsp; [&hellip;]<\/p>\n","protected":false},"author":1,"featured_media":0,"parent":0,"menu_order":2,"comment_status":"closed","ping_status":"closed","template":"","meta":{"ngg_post_thumbnail":0,"jetpack_post_was_ever_published":false,"footnotes":""},"class_list":["post-4","page","type-page","status-publish","hentry"],"jetpack_sharing_enabled":true,"_links":{"self":[{"href":"https:\/\/alasdeleyre.com\/index.php?rest_route=\/wp\/v2\/pages\/4","targetHints":{"allow":["GET"]}}],"collection":[{"href":"https:\/\/alasdeleyre.com\/index.php?rest_route=\/wp\/v2\/pages"}],"about":[{"href":"https:\/\/alasdeleyre.com\/index.php?rest_route=\/wp\/v2\/types\/page"}],"author":[{"embeddable":true,"href":"https:\/\/alasdeleyre.com\/index.php?rest_route=\/wp\/v2\/users\/1"}],"replies":[{"embeddable":true,"href":"https:\/\/alasdeleyre.com\/index.php?rest_route=%2Fwp%2Fv2%2Fcomments&post=4"}],"version-history":[{"count":202,"href":"https:\/\/alasdeleyre.com\/index.php?rest_route=\/wp\/v2\/pages\/4\/revisions"}],"predecessor-version":[{"id":5862,"href":"https:\/\/alasdeleyre.com\/index.php?rest_route=\/wp\/v2\/pages\/4\/revisions\/5862"}],"wp:attachment":[{"href":"https:\/\/alasdeleyre.com\/index.php?rest_route=%2Fwp%2Fv2%2Fmedia&parent=4"}],"curies":[{"name":"wp","href":"https:\/\/api.w.org\/{rel}","templated":true}]}}