{"id":4183,"date":"2021-09-08T18:32:03","date_gmt":"2021-09-08T16:32:03","guid":{"rendered":"http:\/\/alasdeleyre.com\/?page_id=4183"},"modified":"2021-09-08T18:33:45","modified_gmt":"2021-09-08T16:33:45","slug":"2021-2","status":"publish","type":"page","link":"https:\/\/alasdeleyre.com\/?page_id=4183","title":{"rendered":"2021"},"content":{"rendered":"<h3 style=\"text-align: center; color: red;\"><img loading=\"lazy\" decoding=\"async\" src=\"http:\/\/alasdeleyre.com\/wp-content\/uploads\/Logo Liga Norte.gif\" alt=\"\" width=\"150\" height=\"141\" align=\"right\"><img loading=\"lazy\" decoding=\"async\" src=\"http:\/\/alasdeleyre.com\/wp-content\/uploads\/Logoclub.gif\" alt=\"\" width=\"98\" height=\"123\" align=\"left\">LIGA NORTE 2021\/CPTO. NAVARRO<\/h3>\n<h3 style=\"text-align: center; color: red;\">&nbsp;<\/h3>\n<p>&nbsp;<\/p>\n<p>&nbsp; &nbsp;<\/p>\n<table style=\"border-collapse: collapse; width: 100%; height: 21px;\" border=\"1\">\n<tbody>\n<tr style=\"height: 21px;\">\n<td style=\"width: 20%; height: 21px; text-align: center;\">\n<h5><a href=\"http:\/\/alasdeleyre.com\/wp-content\/uploads\/reglamentos\/2021\/REGLAMENTO_LIGA_NORTE_2021.pdf\" rel=\"noopener\">Reglamento<\/a><\/h5>\n<\/td>\n<td style=\"width: 20%; height: 21px; text-align: center;\">\n<h5><a href=\"http:\/\/alasdeleyre.com\/?page_id=2371\" rel=\"noopener\">Inscritos<\/a><\/h5>\n<\/td>\n<td style=\"width: 20%; height: 21px; text-align: center;\">\n<h5><a href=\"http:\/\/alasdeleyre.com\/?page_id=27\" rel=\"noopener\">Balizas<\/a><\/h5>\n<\/td>\n<td style=\"width: 20%; height: 21px; text-align: center;\">\n<h5><a href=\"http:\/\/alasdeleyre.com\/?page_id=42#2021\" rel=\"noopener\">Clasificaciones<\/a><\/h5>\n<\/td>\n<td style=\"width: 20%; height: 21px; text-align: center;\">\n<h5><a href=\"http:\/\/bit.ly\/36R5qGZ\" target=\"_blank\" rel=\"noopener\">Inscr\u00edbete<\/a><\/h5>\n<\/td>\n<\/tr>\n<\/tbody>\n<\/table>\n<p>&nbsp;<\/p>\n<p style=\"text-align: center;\"><em>CN &#8212; Cpto. Navarro <\/em><em>LN &#8212; Liga Norte<\/em><\/p>\n<table style=\"border-collapse: collapse; width: 100%; height: 317px;\" border=\"1\">\n<thead>\n<tr style=\"height: 23px; border-style: solid;\">\n<td style=\"width: 21.1691%; text-align: center; height: 23px;\"><strong><span style=\"color: #ff0000;\"><span style=\"font-size: 12px;\"><span style=\"line-height: 21px; font-family: tahoma, verdana, arial, sans-serif;\">FECHA<\/span><\/span><\/span><\/strong><\/td>\n<td style=\"width: 12.1643%; text-align: center; height: 23px;\"><strong><span style=\"color: #ff0000;\"><span style=\"font-size: 12px;\"><span style=\"line-height: 21px; font-family: tahoma, verdana, arial, sans-serif;\">CONDICI\u00d3N<\/span><\/span><\/span><\/strong><\/td>\n<td style=\"width: 19.6288%; text-align: center; height: 23px;\"><strong><span style=\"color: #ff0000;\"><span style=\"font-size: 12px;\"><span style=\"line-height: 21px; font-family: tahoma, verdana, arial, sans-serif;\">LUGAR<\/span><\/span><\/span><\/strong><\/td>\n<td style=\"width: 19.3918%; text-align: center; height: 23px;\"><strong><span style=\"color: #ff0000;\"><span style=\"font-size: 12px;\"><span style=\"line-height: 21px; font-family: tahoma, verdana, arial, sans-serif;\">RESULTADOS<\/span><\/span><\/span><\/strong><\/td>\n<td style=\"width: 18.0885%; text-align: center; height: 23px;\"><strong><span style=\"color: #ff0000;\"><span style=\"font-size: 12px;\"><span style=\"line-height: 21px; font-family: tahoma, verdana, arial, sans-serif;\">CR\u00d3NICAS<\/span><\/span><\/span><\/strong><\/td>\n<td style=\"width: 9.5577%; text-align: center; height: 23px;\"><strong><span style=\"color: #ff0000;\"><span style=\"font-size: 12px;\"><span style=\"line-height: 21px; font-family: tahoma, verdana, arial, sans-serif;\">LIVE TRACK<\/span><\/span><\/span><\/strong><\/td>\n<\/tr>\n<\/thead>\n<tbody>\n<tr style=\"height: 21px;\">\n<td style=\"width: 21.1691%; height: 21px; text-align: left;\"><strong>20-21 MARZO<\/strong><\/td>\n<td style=\"width: 12.1643%; height: 21px; text-align: center;\">&nbsp;<\/td>\n<td style=\"width: 19.6288%; height: 21px; text-align: center;\">&nbsp;<\/td>\n<td style=\"width: 19.3918%; height: 21px; text-align: center;\"><strong>ANULADA<\/strong><\/td>\n<td style=\"width: 18.0885%; height: 21px; text-align: center;\">&nbsp;<\/td>\n<td style=\"width: 9.5577%; height: 21px; text-align: center;\">&nbsp;<\/td>\n<\/tr>\n<tr style=\"height: 21px;\">\n<td style=\"width: 21.1691%; height: 21px; text-align: left;\"><strong>17-18 ABRIL<\/strong><\/td>\n<td style=\"width: 12.1643%; height: 21px; text-align: center;\">&nbsp;<\/td>\n<td style=\"width: 19.6288%; height: 21px; text-align: center;\"><strong>GENEVILLA<\/strong><\/td>\n<td style=\"width: 19.3918%; height: 21px; text-align: center;\">CN: <a href=\"http:\/\/www.alasdeleyre.com\/\/viejo\/Clasificaciones\/Nacionales\/Liga_norte\/2021\/Cpto_Navarro\/CPTO_NAVARRO_2021_M01_GENEVILLA.pdf\" target=\"_blank\" rel=\"noopener\">m1<\/a><\/td>\n<td style=\"width: 18.0885%; height: 21px; text-align: center;\"><a href=\"http:\/\/alasdeleyre.com\/?p=3782\" target=\"_blank\" rel=\"noopener\">Leer<\/a><\/td>\n<td style=\"width: 9.5577%; height: 21px; text-align: center;\"><a href=\"https:\/\/www.livetrack24.com\/tasks\/4704\" target=\"_blank\" rel=\"noopener\"><img loading=\"lazy\" decoding=\"async\" class=\"alignnone\" src=\"http:\/\/alasdeleyre.com\/wp-content\/uploads\/2017\/01\/lt24_2.jpg\" alt=\"\" width=\"28\" height=\"32\"><\/a><\/td>\n<\/tr>\n<tr style=\"height: 21px;\">\n<td style=\"width: 21.1691%; height: 21px; text-align: left;\"><strong>24-25 ABRIL<\/strong><\/td>\n<td style=\"width: 12.1643%; height: 21px; text-align: center;\">&nbsp;<\/td>\n<td style=\"width: 19.6288%; height: 21px; text-align: center;\">&nbsp;<\/td>\n<td style=\"width: 19.3918%; height: 21px; text-align: center;\"><strong>ANULADA<\/strong><\/td>\n<td style=\"width: 18.0885%; height: 21px; text-align: center;\">&nbsp;<\/td>\n<td style=\"width: 9.5577%; height: 21px; text-align: center;\">&nbsp;<\/td>\n<\/tr>\n<tr style=\"height: 21px;\">\n<td style=\"width: 21.1691%; height: 21px; text-align: left;\"><strong>1-2 MAYO<\/strong><\/td>\n<td style=\"width: 12.1643%; height: 21px; text-align: center;\">&nbsp;<\/td>\n<td style=\"width: 19.6288%; height: 21px; text-align: center;\"><strong>GENEVILLA<\/strong><\/td>\n<td style=\"width: 19.3918%; height: 21px; text-align: center;\">CN: <a href=\"http:\/\/www.alasdeleyre.com\/\/viejo\/Clasificaciones\/Nacionales\/Liga_norte\/2021\/Cpto_Navarro\/CPTO_NAVARRO_2021_M02_GENEVILLA_PROVISIONAL.pdf\" target=\"_blank\" rel=\"noopener\">m2<\/a><\/td>\n<td style=\"width: 18.0885%; height: 21px; text-align: center;\"><a href=\"http:\/\/alasdeleyre.com\/?p=3812\" target=\"_blank\" rel=\"noopener\">Leer<\/a><\/td>\n<td style=\"width: 9.5577%; height: 21px; text-align: center;\"><a href=\"https:\/\/www.livetrack24.com\/tasks\/4710\" target=\"_blank\" rel=\"noopener\"><img loading=\"lazy\" decoding=\"async\" class=\"alignnone\" src=\"http:\/\/alasdeleyre.com\/wp-content\/uploads\/2017\/01\/lt24_2.jpg\" alt=\"\" width=\"28\" height=\"32\"><\/a><\/td>\n<\/tr>\n<tr style=\"height: 21px;\">\n<td style=\"width: 21.1691%; height: 21px; text-align: left;\"><strong>22-23 MAYO<\/strong><\/td>\n<td style=\"width: 12.1643%; height: 21px; text-align: center;\">&nbsp;<\/td>\n<td style=\"width: 19.6288%; height: 21px; text-align: center;\"><strong>ARANGOITI<\/strong><\/td>\n<td style=\"width: 19.3918%; height: 21px; text-align: center;\">CN: <a href=\"http:\/\/www.alasdeleyre.com\/viejo\/Clasificaciones\/Nacionales\/Cpto_Navarro\/2021\/CPTO_NAVARRO_2021-M03_ARANGOITI.pdf\" target=\"_blank\" rel=\"noopener\">m3<\/a><br \/>\nLN: <a href=\"http:\/\/www.alasdeleyre.com\/viejo\/Clasificaciones\/Nacionales\/Liga_norte\/2021\/LIGA_NORTE_2021-M01_ARANGOITI.pdf\" target=\"_blank\" rel=\"noopener\">m1<\/a><\/td>\n<td style=\"width: 18.0885%; height: 21px; text-align: center;\"><a href=\"http:\/\/alasdeleyre.com\/?p=3886\" target=\"_blank\" rel=\"noopener\">Leer<\/a><\/td>\n<td style=\"width: 9.5577%; height: 21px; text-align: center;\"><a href=\"https:\/\/www.livetrack24.com\/tasks\/4712\" target=\"_blank\" rel=\"noopener\"><img loading=\"lazy\" decoding=\"async\" class=\"alignnone\" src=\"http:\/\/alasdeleyre.com\/wp-content\/uploads\/2017\/01\/lt24_2.jpg\" alt=\"\" width=\"28\" height=\"32\"><\/a><\/td>\n<\/tr>\n<tr style=\"height: 21px;\">\n<td style=\"width: 21.1691%; height: 21px; text-align: left;\"><strong>19-20 JUNIO<\/strong><\/td>\n<td style=\"width: 12.1643%; height: 21px; text-align: center;\">&nbsp;<\/td>\n<td style=\"width: 19.6288%; height: 21px; text-align: center;\">&nbsp;<\/td>\n<td style=\"width: 19.3918%; height: 21px; text-align: center;\"><strong>ANULADA<\/strong><\/td>\n<td style=\"width: 18.0885%; height: 21px; text-align: center;\">&nbsp;<\/td>\n<td style=\"width: 9.5577%; height: 21px; text-align: center;\">&nbsp;<\/td>\n<\/tr>\n<tr style=\"height: 21px;\">\n<td style=\"width: 21.1691%; height: 21px; text-align: left;\"><strong>10-11 JULIO<\/strong><\/td>\n<td style=\"width: 12.1643%; height: 21px; text-align: center;\">&nbsp;<\/td>\n<td style=\"width: 19.6288%; height: 21px; text-align: center;\"><strong>ARANGOITI<\/strong><\/td>\n<td style=\"width: 19.3918%; height: 21px; text-align: center;\">CN: <a href=\"http:\/\/www.alasdeleyre.com\/viejo\/Clasificaciones\/Nacionales\/Cpto_Navarro\/2021\/CPTO_NAVARRO_2021-M04_ARANGOITI.pdf\" target=\"_blank\" rel=\"noopener\">m4<\/a><br \/>\nLN: <a href=\"http:\/\/www.alasdeleyre.com\/viejo\/Clasificaciones\/Nacionales\/Liga_norte\/2021\/LIGA_NORTE_2021-M02_ARANGOITI.pdf\" target=\"_blank\" rel=\"noopener\">m2<\/a><\/td>\n<td style=\"width: 18.0885%; height: 21px; text-align: center;\"><a href=\"http:\/\/alasdeleyre.com\/?p=3979\" target=\"_blank\" rel=\"noopener\">Leer<\/a><\/td>\n<td style=\"width: 9.5577%; height: 21px; text-align: center;\"><a href=\"https:\/\/www.livetrack24.com\/tasks\/4729\" target=\"_blank\" rel=\"noopener\"><img loading=\"lazy\" decoding=\"async\" class=\"alignnone\" src=\"http:\/\/alasdeleyre.com\/wp-content\/uploads\/2017\/01\/lt24_2.jpg\" alt=\"\" width=\"28\" height=\"32\"><\/a><\/td>\n<\/tr>\n<tr style=\"height: 21px;\">\n<td style=\"width: 21.1691%; height: 21px; text-align: left;\"><strong>21-22 AGOSTO<\/strong><\/td>\n<td style=\"width: 12.1643%; height: 21px; text-align: center;\">&nbsp;<\/td>\n<td style=\"width: 19.6288%; height: 21px; text-align: center;\"><strong>LOARRE<\/strong><\/td>\n<td style=\"width: 19.3918%; height: 21px; text-align: center;\">CN: <a href=\"http:\/\/www.alasdeleyre.com\/viejo\/Clasificaciones\/Nacionales\/Cpto_Navarro\/2021\/CPTO_NAVARRO_2021-M05_LOARRE.pdf\" target=\"_blank\" rel=\"noopener\">m5<\/a>, <a href=\"http:\/\/www.alasdeleyre.com\/viejo\/Clasificaciones\/Nacionales\/Cpto_Navarro\/2021\/CPTO_NAVARRO_2021-M06_LOARRE.pdf\" target=\"_blank\" rel=\"noopener\">m6<\/a><br \/>\nLN: <a href=\"http:\/\/www.alasdeleyre.com\/viejo\/Clasificaciones\/Nacionales\/Liga_norte\/2021\/LIGA_NORTE_2021-M03_LOARRE.pdf\" target=\"_blank\" rel=\"noopener\">m3<\/a>, <a href=\"http:\/\/www.alasdeleyre.com\/viejo\/Clasificaciones\/Nacionales\/Liga_norte\/2021\/LIGA_NORTE_2021-M04_LOARRE.pdf\" target=\"_blank\" rel=\"noopener\">m4<\/a><\/td>\n<td style=\"width: 18.0885%; height: 21px; text-align: center;\"><a href=\"http:\/\/alasdeleyre.com\/?p=4021\" target=\"_blank\" rel=\"noopener\">Leer<\/a><\/td>\n<td style=\"width: 9.5577%; height: 21px; text-align: center;\"><a href=\"https:\/\/www.livetrack24.com\/events\/ln2021p03\" target=\"_blank\" rel=\"noopener\"><img loading=\"lazy\" decoding=\"async\" class=\"alignnone\" src=\"http:\/\/alasdeleyre.com\/wp-content\/uploads\/2017\/01\/lt24_2.jpg\" alt=\"\" width=\"28\" height=\"32\"><\/a><\/td>\n<\/tr>\n<tr style=\"height: 21px;\">\n<td style=\"width: 21.1691%; height: 21px; text-align: left;\"><strong>28-29 AGOSTO<\/strong><\/td>\n<td style=\"width: 12.1643%; height: 21px; text-align: center;\">&nbsp;<\/td>\n<td style=\"width: 19.6288%; height: 21px; text-align: center;\"><strong>RIBAFRECHA<\/strong><\/td>\n<td style=\"width: 19.3918%; height: 21px; text-align: center;\">CN: <a href=\"http:\/\/www.alasdeleyre.com\/viejo\/Clasificaciones\/Nacionales\/Cpto_Navarro\/2021\/CPTO_NAVARRO_2021-M07_RIBAFRECHA.pdf\" target=\"_blank\" rel=\"noopener\">m7<\/a>, <a href=\"http:\/\/www.alasdeleyre.com\/viejo\/Clasificaciones\/Nacionales\/Cpto_Navarro\/2021\/CPTO_NAVARRO_2021-M08_RIBAFRECHA.pdf\" target=\"_blank\" rel=\"noopener\">m8<\/a><br \/>\nLN: <a href=\"http:\/\/www.alasdeleyre.com\/viejo\/Clasificaciones\/Nacionales\/Liga_norte\/2021\/LIGA_NORTE_2021-M05_RIBAFRECHA.pdf\" target=\"_blank\" rel=\"noopener\">m5<\/a>, <a href=\"http:\/\/www.alasdeleyre.com\/viejo\/Clasificaciones\/Nacionales\/Liga_norte\/2021\/LIGA_NORTE_2021-M06_RIBAFRECHA.pdf\" target=\"_blank\" rel=\"noopener\">m6<\/a><\/td>\n<td style=\"width: 18.0885%; height: 21px; text-align: center;\"><a href=\"http:\/\/alasdeleyre.com\/?p=4102\" target=\"_blank\" rel=\"noopener\">Leer<\/a><\/td>\n<td style=\"width: 9.5577%; height: 21px; text-align: center;\"><a href=\"https:\/\/www.livetrack24.com\/events\/ln2021p04\/es\" target=\"_blank\" rel=\"noopener\"><img loading=\"lazy\" decoding=\"async\" class=\"alignnone\" src=\"http:\/\/alasdeleyre.com\/wp-content\/uploads\/2017\/01\/lt24_2.jpg\" alt=\"\" width=\"28\" height=\"32\"><\/a><\/td>\n<\/tr>\n<tr style=\"height: 21px;\">\n<td style=\"width: 21.1691%; height: 21px; text-align: left;\"><strong>4-5 SEPTIEMBRE<\/strong><\/td>\n<td style=\"width: 12.1643%; height: 21px; text-align: center;\">&nbsp;<\/td>\n<td style=\"width: 19.6288%; height: 21px; text-align: center;\"><strong>ARANGOITI<\/strong><\/td>\n<td style=\"width: 19.3918%; height: 21px; text-align: center;\">CN: <a href=\"http:\/\/www.alasdeleyre.com\/viejo\/Clasificaciones\/Nacionales\/Cpto_Navarro\/2021\/CPTO_NAVARRO_2021-M09_ARANGOITI.pdf\" target=\"_blank\" rel=\"noopener\">m9<\/a>, <a href=\"http:\/\/www.alasdeleyre.com\/viejo\/Clasificaciones\/Nacionales\/Cpto_Navarro\/2021\/CPTO_NAVARRO_2021-M10_ARANGOITI.pdf\" target=\"_blank\" rel=\"noopener\">m10<\/a><br \/>\nLN: <a href=\"http:\/\/www.alasdeleyre.com\/viejo\/Clasificaciones\/Nacionales\/Liga_norte\/2021\/LIGA_NORTE_2021-M07_ARANGOITI.pdf\" target=\"_blank\" rel=\"noopener\">m7<\/a>, <a href=\"http:\/\/www.alasdeleyre.com\/viejo\/Clasificaciones\/Nacionales\/Liga_norte\/2021\/LIGA_NORTE_2021-M08_ARANGOITI.pdf\" target=\"_blank\" rel=\"noopener\">m8<\/a><\/td>\n<td style=\"width: 18.0885%; height: 21px; text-align: center;\">Leer<\/td>\n<td style=\"width: 9.5577%; height: 21px; text-align: center;\"><a href=\"https:\/\/www.livetrack24.com\/events\/ln2021p05\" target=\"_blank\" rel=\"noopener\"><img loading=\"lazy\" decoding=\"async\" class=\"alignnone\" src=\"http:\/\/alasdeleyre.com\/wp-content\/uploads\/2017\/01\/lt24_2.jpg\" alt=\"\" width=\"28\" height=\"32\"><\/a><\/td>\n<\/tr>\n<tr style=\"height: 21px;\">\n<td style=\"width: 21.1691%; height: 21px; text-align: left;\">&nbsp;<\/td>\n<td style=\"width: 12.1643%; height: 21px; text-align: center;\">&nbsp;<\/td>\n<td style=\"width: 19.6288%; height: 21px; text-align: center;\">&nbsp;<\/td>\n<td style=\"width: 19.3918%; height: 21px; text-align: center;\">&nbsp;<\/td>\n<td style=\"width: 18.0885%; height: 21px; text-align: center;\">&nbsp;<\/td>\n<td style=\"width: 9.5577%; height: 21px; text-align: center;\">&nbsp;<\/td>\n<\/tr>\n<tr style=\"height: 21px;\">\n<td style=\"width: 21.1691%; height: 21px; text-align: left;\">&nbsp;<\/td>\n<td style=\"width: 12.1643%; height: 21px; text-align: center;\">&nbsp;<\/td>\n<td style=\"width: 19.6288%; height: 21px; text-align: center;\">&nbsp;<\/td>\n<td style=\"width: 19.3918%; height: 21px; text-align: center;\">&nbsp;<\/td>\n<td style=\"width: 18.0885%; height: 21px; text-align: center;\">&nbsp;<\/td>\n<td style=\"width: 9.5577%; height: 21px; text-align: center;\">&nbsp;<\/td>\n<\/tr>\n<tr style=\"height: 21px;\">\n<td style=\"width: 21.1691%; height: 21px; text-align: left;\">&nbsp;<\/td>\n<td style=\"width: 12.1643%; height: 21px; text-align: center;\">&nbsp;<\/td>\n<td style=\"width: 19.6288%; height: 21px; text-align: center;\">&nbsp;<\/td>\n<td style=\"width: 19.3918%; height: 21px; text-align: center;\">&nbsp;<\/td>\n<td style=\"width: 18.0885%; height: 21px; text-align: center;\">&nbsp;<\/td>\n<td style=\"width: 9.5577%; height: 21px; text-align: center;\">&nbsp;<\/td>\n<\/tr>\n<tr style=\"height: 21px;\">\n<td style=\"width: 21.1691%; height: 21px; text-align: left;\"><strong>2-3 OCTUBRE<\/strong><\/td>\n<td style=\"width: 12.1643%; height: 21px; text-align: center;\">&nbsp;<\/td>\n<td style=\"width: 19.6288%; height: 21px; text-align: center;\"><strong>31\u00aa CONCENTRACI\u00d3N<br \/>\nBELAGUA<\/strong><\/td>\n<td style=\"width: 19.3918%; height: 21px; text-align: center;\"><strong>FINAL LIGA\/CPTO 2021<\/strong>&nbsp;&nbsp;&nbsp;&nbsp;&nbsp;&nbsp;&nbsp;&nbsp;&nbsp;&nbsp;&nbsp;&nbsp;&nbsp;&nbsp;<\/p>\n<p><strong>ENTREGA DE TROFEOS<\/strong><\/td>\n<td style=\"width: 18.0885%; height: 21px; text-align: center;\">&nbsp;<\/td>\n<td style=\"width: 9.5577%; height: 21px; text-align: center;\">&nbsp;<\/td>\n<\/tr>\n<\/tbody>\n<\/table>\n<p style=\"text-align: center;\"><em>CN &#8212; Cpto. Navarro <\/em><em>LN &#8212; Liga Norte<\/em><\/p>\n<p>&nbsp;<\/p>\n<p style=\"text-align: center;\">Este calendario se ir\u00e1 actualizando de forma din\u00e1mica a medida que se vayan modificando las condiciones para las pruebas condicionadas.<\/p>\n<p style=\"text-align: center;\">Calendario Liga Norte\/Cpto. Navarro en <a href=\"https:\/\/calendar.google.com\/calendar\/embed?src=9p119q0svb3ebs5tkeudorjp50%40group.calendar.google.com&amp;ctz=Europe\/Madrid\" target=\"_blank\" rel=\"noopener noreferrer\">Google Calendar <\/a><br \/>\nSi quieres tener todos los calendarios (regionales, nacionales y alguna internacional) juntos, pincha <a href=\"https:\/\/calendar.google.com\/calendar\/embed?src=2q7ti117j7opnfgo1t2gpnlnv0%40group.calendar.google.com&amp;ctz=Europe\/Madrid\" target=\"_blank\" rel=\"noopener noreferrer\">aqu\u00ed<\/a>.<\/p>\n","protected":false},"excerpt":{"rendered":"<p>LIGA NORTE 2021\/CPTO. NAVARRO &nbsp; &nbsp; &nbsp; &nbsp; Reglamento Inscritos Balizas Clasificaciones Inscr\u00edbete &nbsp; CN &#8212; Cpto. Navarro LN &#8212; Liga Norte FECHA CONDICI\u00d3N LUGAR RESULTADOS CR\u00d3NICAS LIVE TRACK 20-21 MARZO &nbsp; &nbsp; ANULADA &nbsp; &nbsp; 17-18 ABRIL &nbsp; GENEVILLA CN: m1 Leer 24-25 ABRIL &nbsp; &nbsp; ANULADA &nbsp; &nbsp; 1-2 MAYO &nbsp; GENEVILLA CN: [&hellip;]<\/p>\n","protected":false},"author":1,"featured_media":0,"parent":392,"menu_order":2021,"comment_status":"closed","ping_status":"closed","template":"","meta":{"ngg_post_thumbnail":0,"jetpack_post_was_ever_published":false,"footnotes":""},"class_list":["post-4183","page","type-page","status-publish","hentry"],"jetpack_sharing_enabled":true,"_links":{"self":[{"href":"https:\/\/alasdeleyre.com\/index.php?rest_route=\/wp\/v2\/pages\/4183","targetHints":{"allow":["GET"]}}],"collection":[{"href":"https:\/\/alasdeleyre.com\/index.php?rest_route=\/wp\/v2\/pages"}],"about":[{"href":"https:\/\/alasdeleyre.com\/index.php?rest_route=\/wp\/v2\/types\/page"}],"author":[{"embeddable":true,"href":"https:\/\/alasdeleyre.com\/index.php?rest_route=\/wp\/v2\/users\/1"}],"replies":[{"embeddable":true,"href":"https:\/\/alasdeleyre.com\/index.php?rest_route=%2Fwp%2Fv2%2Fcomments&post=4183"}],"version-history":[{"count":1,"href":"https:\/\/alasdeleyre.com\/index.php?rest_route=\/wp\/v2\/pages\/4183\/revisions"}],"predecessor-version":[{"id":4184,"href":"https:\/\/alasdeleyre.com\/index.php?rest_route=\/wp\/v2\/pages\/4183\/revisions\/4184"}],"up":[{"embeddable":true,"href":"https:\/\/alasdeleyre.com\/index.php?rest_route=\/wp\/v2\/pages\/392"}],"wp:attachment":[{"href":"https:\/\/alasdeleyre.com\/index.php?rest_route=%2Fwp%2Fv2%2Fmedia&parent=4183"}],"curies":[{"name":"wp","href":"https:\/\/api.w.org\/{rel}","templated":true}]}}