{"id":7,"date":"2011-03-19T12:41:28","date_gmt":"2011-03-19T11:41:28","guid":{"rendered":"http:\/\/alasdeleyre.com\/wp\/?page_id=7"},"modified":"2025-12-30T19:29:41","modified_gmt":"2025-12-30T18:29:41","slug":"club","status":"publish","type":"page","link":"https:\/\/alasdeleyre.com\/?page_id=7","title":{"rendered":"LICENCIAS"},"content":{"rendered":"<h3 style=\"text-align: center;\">LICENCIAS<\/h3>\n<h2 style=\"text-align: center;\"><span style=\"color: #ff0000;\"><strong>2026<\/strong><\/span><\/h2>\n<div>\n<p>Como todos sab\u00e9is, las licencias pierden su validez el 31 de Diciembre.<br \/>\nAntes de solicitar licencia, sobre todo si es la primera vez, es <strong>importante <\/strong>que eches un vistazo a las <a href=\"http:\/\/alasdeleyre.com\/?page_id=367\" target=\"_blank\" rel=\"noopener noreferrer\">normas de socios<\/a>.<\/p>\n<p>Y dale un repasito, antes de mover un dedo, a las <a href=\"#notas\">Notas<\/a>, que puedes ver m\u00e1s abajo.<\/p>\n<\/div>\n<p>Las licencias no se imprimir\u00e1n en tarjetas. Son descargables desde la web de&nbsp;<a href=\"http:\/\/licencias.fnda.es\/\" target=\"_blank\" rel=\"noopener\">Licencias FNDA<\/a>&nbsp;(Se accede con el correo electr\u00f3nico que usaste para darte de alta como federado. Si es la primera vez que accedes, pulsa en \u00abrecordar contrase\u00f1a\u00bb).<br \/>\nAqu\u00ed puedes descargar un <a href=\"https:\/\/bit.ly\/fndainfs\" target=\"_blank\" rel=\"noopener\">manual<\/a> en el que se explica c\u00f3mo hacerlo.<\/p>\n<div style=\"text-align: center;\">\n<p style=\"text-align: left;\">Para renovar la licencia seguiremos un procedimiento muy sencillo:<\/p>\n<ol>\n<li style=\"text-align: left;\"><span style=\"text-align: center;\">Ingresar en la cuenta de Caja Rural n\u00ba&nbsp; ES14 3008 0228 5850 1509 3627<\/span><span style=\"text-align: center;\"> (a nombre del CLUB DELTA LAS ALAS DE LEYRE) el importe correspondiente (ver tabla de abajo)<\/span><\/li>\n<li style=\"text-align: left;\">Completar el formulario de alta\/renovaci\u00f3n de socio en <a href=\"https:\/\/bit.ly\/adelsoci\" target=\"_blank\" rel=\"noopener\">https:\/\/bit.ly\/adelsoci<\/a><\/li>\n<\/ol>\n<p style=\"text-align: center;\">&nbsp;<\/p>\n<p style=\"text-align: left;\">En el club, las licencias se tramitar\u00e1n los <strong>d\u00edas 5 y 20 de cada mes,<\/strong> una vez comprobado el ingreso. Pero si tienes alg\u00fan inter\u00e9s en que se tramite con urgencia, hazlo constar en el mail, o aseg\u00farate de contactar con el club directamente.<br \/>\n<span style=\"color: #ff0000;\"><strong>La licencia no ser\u00e1 efectiva hasta que se confirme espec\u00edficamente<\/strong><\/span>. Una forma de comprobar si tienes la licencia, es entrar a la <a href=\"http:\/\/licencias.fnda.es\/\" target=\"_blank\" rel=\"noopener\">web de licencias<\/a> de la federaci\u00f3n con tus datos, y confirmar la informaci\u00f3n.<\/p>\n<p style=\"text-align: left;\">Aqu\u00ed adjuntamos la tabla de precios para las licencias de este a\u00f1o. <strong>Todas ellas ya incluyen la cuota del Club: 10\u20ac (excepto la opci\u00f3n de alta solo de socio\/a)<\/strong>.&nbsp; Informaros en relaci\u00f3n a la cuota que este a\u00f1o los miembros del Club Alas de Leyre con seguro tramitado, obtendr\u00e1n descuentos en la Concentraci\u00f3n de Belagua y otras ventajas que os iremos&nbsp; informando.<\/p>\n<h3 style=\"text-align: center;\"><strong>PRECIO LICENCIAS 2026<\/strong><\/h3>\n<p style=\"text-align: center;\"><strong>(no incluye hab. FAE)<\/strong><\/p>\n<pre style=\"text-align: center;\">(Precios modificados por <a href=\"https:\/\/www.fnda.es\/contenido\/67\/licencias-2026\" target=\"_blank\" rel=\"noopener noreferrer\">FNDA<\/a> el 23-12-2025) \n\n<\/pre>\n<\/div>\n<table id=\"AutoNumber1\" class=\"aligncenter\" style=\"height: 380px;\" border=\"1\" width=\"430\" cellspacing=\"0\" cellpadding=\"0\">\n<tbody>\n<tr>\n<td><strong>CATEGOR\u00cdA<\/strong><\/td>\n<td><strong>&nbsp;IMPORTE&nbsp;<\/strong><\/td>\n<\/tr>\n<tr>\n<td>&nbsp;<\/td>\n<td>&nbsp;<\/td>\n<\/tr>\n<tr>\n<td>AIRE<\/td>\n<td>198 \u20ac<\/td>\n<\/tr>\n<tr>\n<td>AIRE T\u00c1NDEM RECREATIVO<\/td>\n<td>398 \u20ac<\/td>\n<\/tr>\n<tr>\n<td>AIRE T\u00c1NDEM PROFESIONAL<\/td>\n<td>508 \u20ac<\/td>\n<\/tr>\n<tr>\n<td>ALUMNO PILOTO SEMESTRAL<\/td>\n<td>106 \u20ac<\/td>\n<\/tr>\n<tr>\n<td>ALUMNO PILOTO TRIMESTRAL<\/td>\n<td>86\u20ac<\/td>\n<\/tr>\n<tr>\n<td>SEMESTRAL<\/td>\n<td>138 \u20ac<\/td>\n<\/tr>\n<tr>\n<td>TRIMESTRAL<\/td>\n<td>128 \u20ac<\/td>\n<\/tr>\n<tr>\n<td>&nbsp;<\/td>\n<td>&nbsp;<\/td>\n<\/tr>\n<tr>\n<td>GARANT\u00cdA OPTATIVA \u00abTRASLADOS\u00bb<\/td>\n<td>10 \u20ac&nbsp;<\/td>\n<\/tr>\n<tr>\n<td>GARANT\u00cdA OPTATIVA \u00abTRASLADOS\u00bb T\u00c1NDEM<\/td>\n<td>20 \u20ac&nbsp;<\/td>\n<\/tr>\n<tr>\n<td>HABILITACI\u00d3N FAE (Adulto\/Menor)<\/td>\n<td>37\/18,5 \u20ac<\/td>\n<\/tr>\n<tr>\n<td>&nbsp;<\/td>\n<td>&nbsp;<\/td>\n<\/tr>\n<tr>\n<td>SOLO SOCIO CLUB (ya incluido en las otras)<\/td>\n<td>10 \u20ac<\/td>\n<\/tr>\n<tr>\n<td>NUEVO SOCIO CLUB (Solo altas nuevas que no son de escuelas navarras)<\/td>\n<td>25 \u20ac<\/td>\n<\/tr>\n<\/tbody>\n<\/table>\n<div style=\"text-align: center;\">&nbsp;<\/div>\n<div>\n<h3>&nbsp;<\/h3>\n<h3>&nbsp;<\/h3>\n<h3>&nbsp;<\/h3>\n<h3 style=\"text-align: center;\"><a href=\"http:\/\/\" name=\"notas\"><\/a><strong>NOTAS<\/strong><\/h3>\n<p style=\"text-align: left;\"><strong>Notas:&nbsp;<\/strong><\/p>\n<ul>\n<li><strong>AIRE <\/strong>cubre las modalidades: Aire B\u00e1sico + Ala delta, Paracaidismo, Paramotor, Parapente.<br \/>\nSi un federado tiene m\u00e1s de una modalidad, debe acogerse a la opci\u00f3n superior. Ejemplo, si se trata de Vuelo a Vela y Parapente, debe escoger Aire Plus, ya que incluye a ambos.<\/li>\n<li><strong>T\u00e1ndem: <\/strong>Para poder tramitar licencias&nbsp;<strong>NUEVAS<\/strong> de t\u00e1ndem ser\u00e1 imprescidible que el federado ya tenga una antig\u00fcedad de, al menos, 3 a\u00f1os consecutivos en la federaci\u00f3n, con licencia anual.<\/li>\n<li>La licencia \u00ab<strong>t\u00e1ndem recreativo<\/strong>\u00bb tiene&nbsp;<strong>excluido&nbsp;<\/strong>el t\u00e1ndem oneroso.<\/li>\n<li>La licencia \u00ab<strong>t\u00e1ndem profesional<\/strong>\u00bb s\u00ed tiene habilitada la posibilidad de hacer t\u00e1ndem oneroso, con cobertura al pasajero hasta 12.000 \u20ac mediante cobertura en accidentes.<\/li>\n<li>Las licencias de alumno son s\u00f3lo para alumnos que est\u00e1n en escuela reconocida por la FNDA en el momento de la expedici\u00f3n<\/li>\n<li>La&nbsp;<strong>habilitaci\u00f3n FAE<\/strong> es opcional. Cada federado decide si quiere o no obtenerla. El precio es el mismo para aeromodelismo y para deportes de \u00abaire\u00bb: 37 \u20ac.<br \/>\nEn el caso de menores de edad, esta habilitaci\u00f3n tendr\u00e1 un importe de 18,5 \u20ac.<\/li>\n<li><strong>Garant\u00eda optativa \u00abtraslados\u00bb<\/strong><br \/>\nEsta garant\u00eda incluye hasta&nbsp;dos&nbsp;traslados en ambulancia o taxi no cubiertos por la compa\u00f1\u00eda en caso de accidente (la compa\u00f1\u00eda solo cubre primer traslado del lugar del accidente al hospital).<br \/>\nPor ejemplo, el traslado del hospital al domicilio o para acudir a rehabilitaci\u00f3n.&nbsp;Importe m\u00e1ximo por federado 1000\u20ac.<br \/>\nEs imprescidible llamar con tiempo antes del traslado.<\/li>\n<li>Suplemento&nbsp;<strong>impresi\u00f3n f\u00edsica de licencia<\/strong><br \/>\nSi deseas tener tu licencia impresa en una tarjeta, el costa extra por ello ser\u00e1 de 25 \u20ac.<\/li>\n<li>Suplemento re<strong>env\u00edo pdf copia titulaci\u00f3n<\/strong>: 10 \u20ac<br \/>\nSuplemento&nbsp;<strong>impresi\u00f3n f\u00edsica copia tarjeta titulaciones:&nbsp;<\/strong>35 \u20ac<br \/>\nEn ambos casos, solicitarlo a la cuenta de&nbsp;<a href=\"mailto:fnda@fnda.es\" target=\"_blank\" rel=\"noopener\">correo<\/a> de la federaci\u00f3n, adjuntando justificante del pago (solicitar n\u00ba de cuenta o Paypal antes).<\/li>\n<\/ul>\n<\/div>\n<p style=\"text-align: left;\">Toda la documentaci\u00f3n (p\u00f3lizas, tfno de asistencia, lista de centros, etc&#8230;) la pod\u00e9is encontrar en la web de <a href=\"https:\/\/www.fnda.es\/contenido\/67\/licencias-2026\" target=\"_blank\" rel=\"noopener noreferrer\">FNDA<\/a>.<br \/>\nConviene darse una vuelta por ah\u00ed, muy especialmente leerse el <a href=\"https:\/\/bit.ly\/fndainfs\" target=\"_blank\" rel=\"noopener\">manualillo de actuaci\u00f3n en caso de siniestros<\/a> que ha editado la FNDA.<\/p>\n<p><span style=\"font-size: 10px;\">\u00daltima actualizaci\u00f3n el 25 de Diciembre de 2025<\/span><\/p>\n","protected":false},"excerpt":{"rendered":"<p>LICENCIAS 2026 Como todos sab\u00e9is, las licencias pierden su validez el 31 de Diciembre. Antes de solicitar licencia, sobre todo si es la primera vez, es importante que eches un vistazo a las normas de socios. Y dale un repasito, antes de mover un dedo, a las Notas, que puedes ver m\u00e1s abajo. Las licencias [&hellip;]<\/p>\n","protected":false},"author":1,"featured_media":0,"parent":0,"menu_order":4,"comment_status":"closed","ping_status":"closed","template":"","meta":{"ngg_post_thumbnail":0,"jetpack_post_was_ever_published":false,"footnotes":""},"class_list":["post-7","page","type-page","status-publish","hentry"],"jetpack_sharing_enabled":true,"_links":{"self":[{"href":"https:\/\/alasdeleyre.com\/index.php?rest_route=\/wp\/v2\/pages\/7","targetHints":{"allow":["GET"]}}],"collection":[{"href":"https:\/\/alasdeleyre.com\/index.php?rest_route=\/wp\/v2\/pages"}],"about":[{"href":"https:\/\/alasdeleyre.com\/index.php?rest_route=\/wp\/v2\/types\/page"}],"author":[{"embeddable":true,"href":"https:\/\/alasdeleyre.com\/index.php?rest_route=\/wp\/v2\/users\/1"}],"replies":[{"embeddable":true,"href":"https:\/\/alasdeleyre.com\/index.php?rest_route=%2Fwp%2Fv2%2Fcomments&post=7"}],"version-history":[{"count":121,"href":"https:\/\/alasdeleyre.com\/index.php?rest_route=\/wp\/v2\/pages\/7\/revisions"}],"predecessor-version":[{"id":5806,"href":"https:\/\/alasdeleyre.com\/index.php?rest_route=\/wp\/v2\/pages\/7\/revisions\/5806"}],"wp:attachment":[{"href":"https:\/\/alasdeleyre.com\/index.php?rest_route=%2Fwp%2Fv2%2Fmedia&parent=7"}],"curies":[{"name":"wp","href":"https:\/\/api.w.org\/{rel}","templated":true}]}}