{"id":90,"date":"2011-03-31T00:35:53","date_gmt":"2011-03-30T23:35:53","guid":{"rendered":"http:\/\/alasdeleyre.com\/wp\/?page_id=90"},"modified":"2012-03-08T15:20:49","modified_gmt":"2012-03-08T14:20:49","slug":"2001-2","status":"publish","type":"page","link":"https:\/\/alasdeleyre.com\/?page_id=90","title":{"rendered":"2001"},"content":{"rendered":"<p style=\"text-align: center;\"><img loading=\"lazy\" decoding=\"async\" align=\"left\" alt=\"\" height=\"123\" src=\"http:\/\/alasdeleyre.com\/wp-content\/uploads\/Logoclub.gif\" width=\"98\" \/><\/p>\n<p>&nbsp;<\/p>\n<h2 style=\"text-align: center;\">LIGA NORTE 2001&nbsp;<span style=\"text-decoration: underline;\">&iexcl; Finalizada !<\/span><\/h2>\n<p>&nbsp;<\/p>\n<p style=\"text-align: center;\">&nbsp;<\/p>\n<p>&nbsp;<\/p>\n<table align=\"center\" border=\"1\" cellpadding=\"1\" cellspacing=\"1\" style=\"width: 80%;\">\n<tbody>\n<tr>\n<td style=\"text-align: center;\">\n<h3 style=\"text-align: center;\"><a href=\"http:\/\/alasdeleyre.com\/wp\/wp-content\/uploads\/2011\/04\/Orduna33.gif\"><img loading=\"lazy\" decoding=\"async\" align=\"middle\" alt=\"\" class=\"aligncenter size-full wp-image-214\" height=\"125\" src=\"http:\/\/www.alasdeleyre.com\/viejo\/Liga Norte\/2001\/Arizaga.jpg\" title=\"Orduna33\" width=\"100\" \/><\/a><\/h3>\n<h3 style=\"text-align: center;\">I&ntilde;igo Arizaga<\/h3>\n<\/td>\n<\/tr>\n<tr>\n<td align=\"center\" bgcolor=\"#cacaca\" rowspan=\"3\" style=\"text-align: center;\" valign=\"middle\">\n<h3 style=\"text-align: center;\">1&ordm;<\/h3>\n<\/td>\n<td style=\"text-align: center;\">\n<h3 style=\"text-align: center;\"><img loading=\"lazy\" decoding=\"async\" align=\"middle\" alt=\"\" height=\"103\" src=\"http:\/\/www.alasdeleyre.com\/viejo\/Liga Norte\/2001\/redin.jpg\" width=\"105\" \/><\/h3>\n<h3 style=\"text-align: center;\">I&ntilde;igo Red&iacute;n<\/h3>\n<\/td>\n<\/tr>\n<tr>\n<td align=\"center\" bgcolor=\"#cacaca\" rowspan=\"2\" style=\"text-align: center;\" valign=\"middle\">\n<h3 style=\"text-align: center;\">2&ordm;<\/h3>\n<\/td>\n<td style=\"text-align: center;\">\n<h3 style=\"text-align: center;\"><img loading=\"lazy\" decoding=\"async\" align=\"middle\" alt=\"\" height=\"93\" src=\"http:\/\/www.alasdeleyre.com\/viejo\/Liga Norte\/2001\/Chus.jpg\" width=\"100\" \/><\/h3>\n<h3 style=\"text-align: center;\">Txus Blanco<\/h3>\n<\/td>\n<\/tr>\n<tr>\n<td align=\"center\" bgcolor=\"#cacaca\" style=\"text-align: center;\" valign=\"middle\">\n<h3 style=\"text-align: center;\">3&ordm;<\/h3>\n<\/td>\n<\/tr>\n<\/tbody>\n<\/table>\n<p>&nbsp;<\/p>\n<table align=\"center\" border=\"2\" style=\"width: 90%; \" width=\"88%\">\n<tbody>\n<tr>\n<td bgcolor=\"CACACA\" nowrap=\"nowrap\" style=\"text-align: center; \" width=\"40%\"><span style=\"color:#f00;\"><strong>FECHAS<\/strong><\/span><\/td>\n<td bgcolor=\"CACACA\" nowrap=\"nowrap\" style=\"text-align: center; \" width=\"40%\"><strong><span style=\"color:#f00;\">LUGAR<\/span><\/strong><\/td>\n<td bgcolor=\"CACACA\" nowrap=\"nowrap\" style=\"text-align: center; \" width=\"40%\"><strong><span style=\"color:#f00;\">Rapeladas<\/span><\/strong><\/td>\n<td bgcolor=\"CACACA\" nowrap=\"nowrap\" style=\"text-align: center; \" width=\"40%\"><strong><span style=\"color:#f00;\">RESULTADOS<\/span><\/strong><\/td>\n<td bgcolor=\"CACACA\" nowrap=\"nowrap\" style=\"text-align: center; \" width=\"40%\"><strong><span style=\"color:#f00;\">CR&Oacute;NICA<\/span><\/strong><\/td>\n<\/tr>\n<tr>\n<td bgcolor=\"ffffff\" nowrap=\"nowrap\" width=\"40%\">\n<div>1&ordf; prueba, 26 y 27 de mayo<\/div>\n<\/td>\n<td bgcolor=\"ffffff\" nowrap=\"nowrap\" width=\"40%\">Arangoiti<\/td>\n<td bgcolor=\"ffffff\" nowrap=\"nowrap\" width=\"40%\">&nbsp;<\/td>\n<td bgcolor=\"ffffff\" nowrap=\"nowrap\" width=\"40%\">1&ordm; Iv&aacute;n Col&aacute;s 2&ordm; &Iacute;&ntilde;igo Arizaga&nbsp;3&ordm; Quim Tomas;<\/td>\n<td bgcolor=\"ffffff\" nowrap=\"nowrap\" width=\"35%\">\n<div><a href=\"http:\/\/alasdeleyre.com\/?p=274\" title=\"Arangoiti 26 Mayo 2001.I\u00f1igo Arizaga\">D&iacute;a 26<\/a>&#8211; <a href=\"http:\/\/alasdeleyre.com\/?p=275\" title=\"Arangoiti 27 Mayo 2001.I\u00f1igo Arizaga\">D&iacute;a 27<\/a><\/div>\n<\/td>\n<\/tr>\n<tr>\n<td bgcolor=\"ffffff\" nowrap=\"nowrap\" width=\"40%\">\n<div>3&ordf; prueba, 23 de junio<\/div>\n<\/td>\n<td bgcolor=\"ffffff\" nowrap=\"nowrap\" width=\"40%\">Echo<\/td>\n<td bgcolor=\"ffffff\" nowrap=\"nowrap\" width=\"40%\">&nbsp;<\/td>\n<td bgcolor=\"ffffff\" nowrap=\"nowrap\" width=\"40%\">1&ordm; &Iacute;&ntilde;igo Red&iacute;n 2&ordm; &Iacute;&ntilde;igo Arizaga 3&ordm; Alejandro Lores<\/td>\n<td bgcolor=\"ffffff\" nowrap=\"nowrap\" width=\"35%\">\n<div><a href=\"http:\/\/alasdeleyre.com\/?p=276\" title=\"Echo 23 Junio 2001. Arizaga, Red\u00edn &amp; Txutxo\">D&iacute;a 23<\/a><\/div>\n<\/td>\n<\/tr>\n<tr>\n<td bgcolor=\"ffffff\" nowrap=\"nowrap\" width=\"40%\">\n<div>4&ordf; prueba, 30 de junio y 1 de julio<\/div>\n<\/td>\n<td bgcolor=\"ffffff\" nowrap=\"nowrap\" width=\"40%\">Ribafrecha<\/td>\n<td bgcolor=\"ffffff\" nowrap=\"nowrap\" width=\"40%\">&nbsp;<\/td>\n<td bgcolor=\"ffffff\" nowrap=\"nowrap\" width=\"40%\">1&ordm;&Iacute;&ntilde;igo Arizaga 2&ordm; Felix Azagra 3&ordm; Oscar Lozano<\/td>\n<td bgcolor=\"ffffff\" nowrap=\"nowrap\" width=\"35%\">\n<div><a href=\"http:\/\/alasdeleyre.com\/?p=277\" title=\"Ribafrecha 30 Junio 2001.\u00cd\u00f1igo Arizaga\">D&iacute;a 30<\/a>&#8211;&nbsp;<a href=\"http:\/\/alasdeleyre.com\/?p=278\" title=\"Ribafrecha 1 Julio 2001. \u00cd\u00f1igo Arizaga\">D&iacute;a 1 <\/a><\/div>\n<\/td>\n<\/tr>\n<tr>\n<td bgcolor=\"ffffff\" nowrap=\"nowrap\" width=\"40%\">\n<div>7&ordf; prueba, 4 y 5 de agosto<\/div>\n<\/td>\n<td bgcolor=\"ffffff\" nowrap=\"nowrap\" width=\"40%\">Blancas<\/td>\n<td bgcolor=\"ffffff\" nowrap=\"nowrap\" width=\"40%\">&nbsp;<\/td>\n<td bgcolor=\"ffffff\" nowrap=\"nowrap\" width=\"40%\">1&ordm; Andr&eacute;s Gonzalez 2&ordm; &Iacute;&ntilde;igo Arizaga 3&ordm; &Iacute;&ntilde;igo Ega&ntilde;a<\/td>\n<td bgcolor=\"ffffff\" nowrap=\"nowrap\" width=\"35%\">\n<div><a href=\"http:\/\/alasdeleyre.com\/?p=279\" title=\"Blancas 4 Agosto 2001. \u00cd\u00f1igo Red\u00edn\">D&iacute;a 4<\/a>&#8211; <a href=\"http:\/\/alasdeleyre.com\/?p=280\" title=\"Blancas 5 Agosto 2001. \u00cd\u00f1igo Red\u00edn\">D&iacute;a 5<\/a><\/div>\n<\/td>\n<\/tr>\n<tr>\n<td bgcolor=\"ffffff\" nowrap=\"nowrap\" width=\"40%\">\n<div>9&ordf; prueba, 25 y 26 de agosto<\/div>\n<\/td>\n<td bgcolor=\"ffffff\" nowrap=\"nowrap\" width=\"40%\">Arangoiti<\/td>\n<td bgcolor=\"ffffff\" nowrap=\"nowrap\" width=\"40%\">&nbsp;<\/td>\n<td bgcolor=\"ffffff\" nowrap=\"nowrap\" width=\"40%\">1&ordm; &Iacute;&ntilde;igo Arizaga 2&ordm; Chus Blanco 3&ordm; Juan Carlos Castillo<\/td>\n<td bgcolor=\"ffffff\" nowrap=\"nowrap\" width=\"35%\">\n<div><a href=\"http:\/\/alasdeleyre.com\/?p=281\" title=\"Arangoiti 25 Agosto 2001.\u00cd\u00f1igo Arizaga\">D&iacute;a 25<\/a><\/div>\n<\/td>\n<\/tr>\n<tr>\n<td bgcolor=\"ffffff\" height=\"9\" nowrap=\"nowrap\" width=\"40%\">\n<div><strong>Concentraci&oacute;n de Belagua<\/strong><\/div>\n<\/td>\n<td bgcolor=\"ffffff\" height=\"9\" nowrap=\"nowrap\" width=\"40%\">&nbsp;<\/td>\n<td bgcolor=\"ffffff\" height=\"9\" nowrap=\"nowrap\" width=\"40%\">&nbsp;<\/td>\n<td bgcolor=\"ffffff\" height=\"9\" nowrap=\"nowrap\" width=\"40%\">&nbsp;<\/td>\n<td bgcolor=\"ffffff\" height=\"9\" nowrap=\"nowrap\" width=\"35%\">\n<div><strong><a href=\"http:\/\/alasdeleyre.com\/?p=282\" title=\"XII Concentraci\u00f3n de Belagua. I\u00f1igo Arizaga\">Cr&oacute;nica<\/a> <\/strong><\/div>\n<\/td>\n<\/tr>\n<\/tbody>\n<\/table>\n<hr \/>\n","protected":false},"excerpt":{"rendered":"<p>&nbsp; LIGA NORTE 2001&nbsp;&iexcl; Finalizada ! &nbsp; &nbsp; &nbsp; I&ntilde;igo Arizaga 1&ordm; I&ntilde;igo Red&iacute;n 2&ordm; Txus Blanco 3&ordm; &nbsp; FECHAS LUGAR Rapeladas RESULTADOS CR&Oacute;NICA 1&ordf; prueba, 26 y 27 de mayo Arangoiti &nbsp; 1&ordm; Iv&aacute;n Col&aacute;s 2&ordm; &Iacute;&ntilde;igo Arizaga&nbsp;3&ordm; Quim Tomas; D&iacute;a 26&#8211; D&iacute;a 27 3&ordf; prueba, 23 de junio Echo &nbsp; 1&ordm; &Iacute;&ntilde;igo Red&iacute;n [&hellip;]<\/p>\n","protected":false},"author":1,"featured_media":0,"parent":392,"menu_order":2002,"comment_status":"closed","ping_status":"closed","template":"","meta":{"ngg_post_thumbnail":0,"jetpack_post_was_ever_published":false,"footnotes":""},"class_list":["post-90","page","type-page","status-publish","hentry"],"jetpack_sharing_enabled":true,"_links":{"self":[{"href":"https:\/\/alasdeleyre.com\/index.php?rest_route=\/wp\/v2\/pages\/90","targetHints":{"allow":["GET"]}}],"collection":[{"href":"https:\/\/alasdeleyre.com\/index.php?rest_route=\/wp\/v2\/pages"}],"about":[{"href":"https:\/\/alasdeleyre.com\/index.php?rest_route=\/wp\/v2\/types\/page"}],"author":[{"embeddable":true,"href":"https:\/\/alasdeleyre.com\/index.php?rest_route=\/wp\/v2\/users\/1"}],"replies":[{"embeddable":true,"href":"https:\/\/alasdeleyre.com\/index.php?rest_route=%2Fwp%2Fv2%2Fcomments&post=90"}],"version-history":[{"count":2,"href":"https:\/\/alasdeleyre.com\/index.php?rest_route=\/wp\/v2\/pages\/90\/revisions"}],"predecessor-version":[{"id":395,"href":"https:\/\/alasdeleyre.com\/index.php?rest_route=\/wp\/v2\/pages\/90\/revisions\/395"}],"up":[{"embeddable":true,"href":"https:\/\/alasdeleyre.com\/index.php?rest_route=\/wp\/v2\/pages\/392"}],"wp:attachment":[{"href":"https:\/\/alasdeleyre.com\/index.php?rest_route=%2Fwp%2Fv2%2Fmedia&parent=90"}],"curies":[{"name":"wp","href":"https:\/\/api.w.org\/{rel}","templated":true}]}}